{"id":61364,"date":"2022-01-27T15:03:39","date_gmt":"2022-01-27T18:03:39","guid":{"rendered":"https:\/\/www.museuhistoricosl.com.br\/loja\/produto\/sl098-fd-0010\/"},"modified":"2022-01-27T15:03:39","modified_gmt":"2022-01-27T18:03:39","slug":"sl098-fd-0010","status":"publish","type":"product","link":"https:\/\/www.museuhistoricosl.com.br\/loja\/produto\/sl098-fd-0010\/","title":{"rendered":"SL098-FD-0010"},"content":{"rendered":"<p>Transporte de madeira &#8211; Toca (provavelmente pr\u00f3ximo do local onde foi constru\u00edda a usina). &#8211; C\u00f3digo anterior de cat\u00e1logo:FD 98-10; Transportes; <\/p>\n","protected":false},"excerpt":{"rendered":"<p>Transporte de madeira &#8211; Toca (provavelmente pr\u00f3ximo do local onde foi constru\u00edda a usina). &#8211; C\u00f3digo anterior de cat\u00e1logo:FD 98-10;<\/p>\n","protected":false},"featured_media":61363,"comment_status":"open","ping_status":"closed","template":"","meta":{"_acf_changed":false},"product_cat":[128],"product_tag":[],"class_list":["post-61364","product","type-product","status-publish","has-post-thumbnail","hentry","product_cat-transportes"],"acf":[],"_links":{"self":[{"href":"https:\/\/www.museuhistoricosl.com.br\/loja\/wp-json\/wp\/v2\/product\/61364","targetHints":{"allow":["GET"]}}],"collection":[{"href":"https:\/\/www.museuhistoricosl.com.br\/loja\/wp-json\/wp\/v2\/product"}],"about":[{"href":"https:\/\/www.museuhistoricosl.com.br\/loja\/wp-json\/wp\/v2\/types\/product"}],"replies":[{"embeddable":true,"href":"https:\/\/www.museuhistoricosl.com.br\/loja\/wp-json\/wp\/v2\/comments?post=61364"}],"wp:featuredmedia":[{"embeddable":true,"href":"https:\/\/www.museuhistoricosl.com.br\/loja\/wp-json\/wp\/v2\/media\/61363"}],"wp:attachment":[{"href":"https:\/\/www.museuhistoricosl.com.br\/loja\/wp-json\/wp\/v2\/media?parent=61364"}],"wp:term":[{"taxonomy":"product_cat","embeddable":true,"href":"https:\/\/www.museuhistoricosl.com.br\/loja\/wp-json\/wp\/v2\/product_cat?post=61364"},{"taxonomy":"product_tag","embeddable":true,"href":"https:\/\/www.museuhistoricosl.com.br\/loja\/wp-json\/wp\/v2\/product_tag?post=61364"}],"curies":[{"name":"wp","href":"https:\/\/api.w.org\/{rel}","templated":true}]}}