{"id":61211,"date":"2022-01-27T14:48:40","date_gmt":"2022-01-27T17:48:40","guid":{"rendered":"https:\/\/www.museuhistoricosl.com.br\/loja\/produto\/sl109-fd-0012\/"},"modified":"2022-01-27T14:48:40","modified_gmt":"2022-01-27T17:48:40","slug":"sl109-fd-0012","status":"publish","type":"product","link":"https:\/\/www.museuhistoricosl.com.br\/loja\/produto\/sl109-fd-0012\/","title":{"rendered":"SL109-FD-0012"},"content":{"rendered":"<p>Na d\u00e9cada de 20 era costume fam\u00edlias e amigos realizarem pic-nic em matos pr\u00f3ximos de S\u00e3o Leopoldo. Nesta foto est\u00e1 a doadora, Ella Brack &#8211; C\u00f3digo anterior de cat\u00e1logo:FD 109-12; Tradi\u00e7\u00e3o e Cultura; Pic-Nic em fam\u00edlia<\/p>\n","protected":false},"excerpt":{"rendered":"<p>Na d\u00e9cada de 20 era costume fam\u00edlias e amigos realizarem pic-nic em matos pr\u00f3ximos de S\u00e3o Leopoldo. Nesta foto est\u00e1<\/p>\n","protected":false},"featured_media":61210,"comment_status":"open","ping_status":"closed","template":"","meta":{"_acf_changed":false},"product_cat":[126],"product_tag":[],"class_list":["post-61211","product","type-product","status-publish","has-post-thumbnail","hentry","product_cat-tradicao-e-cultura"],"acf":[],"_links":{"self":[{"href":"https:\/\/www.museuhistoricosl.com.br\/loja\/wp-json\/wp\/v2\/product\/61211","targetHints":{"allow":["GET"]}}],"collection":[{"href":"https:\/\/www.museuhistoricosl.com.br\/loja\/wp-json\/wp\/v2\/product"}],"about":[{"href":"https:\/\/www.museuhistoricosl.com.br\/loja\/wp-json\/wp\/v2\/types\/product"}],"replies":[{"embeddable":true,"href":"https:\/\/www.museuhistoricosl.com.br\/loja\/wp-json\/wp\/v2\/comments?post=61211"}],"wp:featuredmedia":[{"embeddable":true,"href":"https:\/\/www.museuhistoricosl.com.br\/loja\/wp-json\/wp\/v2\/media\/61210"}],"wp:attachment":[{"href":"https:\/\/www.museuhistoricosl.com.br\/loja\/wp-json\/wp\/v2\/media?parent=61211"}],"wp:term":[{"taxonomy":"product_cat","embeddable":true,"href":"https:\/\/www.museuhistoricosl.com.br\/loja\/wp-json\/wp\/v2\/product_cat?post=61211"},{"taxonomy":"product_tag","embeddable":true,"href":"https:\/\/www.museuhistoricosl.com.br\/loja\/wp-json\/wp\/v2\/product_tag?post=61211"}],"curies":[{"name":"wp","href":"https:\/\/api.w.org\/{rel}","templated":true}]}}