{"id":61201,"date":"2022-01-27T14:48:32","date_gmt":"2022-01-27T17:48:32","guid":{"rendered":"https:\/\/www.museuhistoricosl.com.br\/loja\/produto\/sl109-fd-0007\/"},"modified":"2022-01-27T14:48:32","modified_gmt":"2022-01-27T17:48:32","slug":"sl109-fd-0007","status":"publish","type":"product","link":"https:\/\/www.museuhistoricosl.com.br\/loja\/produto\/sl109-fd-0007\/","title":{"rendered":"SL109-FD-0007"},"content":{"rendered":"<p>Festa &#8211; C\u00f3digo anterior de cat\u00e1logo:FD 109-7; Tradi\u00e7\u00e3o e Cultura; <\/p>\n","protected":false},"excerpt":{"rendered":"<p>Festa &#8211; C\u00f3digo anterior de cat\u00e1logo:FD 109-7; Tradi\u00e7\u00e3o e Cultura;<\/p>\n","protected":false},"featured_media":61200,"comment_status":"open","ping_status":"closed","template":"","meta":{"_acf_changed":false},"product_cat":[126],"product_tag":[],"class_list":["post-61201","product","type-product","status-publish","has-post-thumbnail","hentry","product_cat-tradicao-e-cultura"],"acf":[],"_links":{"self":[{"href":"https:\/\/www.museuhistoricosl.com.br\/loja\/wp-json\/wp\/v2\/product\/61201","targetHints":{"allow":["GET"]}}],"collection":[{"href":"https:\/\/www.museuhistoricosl.com.br\/loja\/wp-json\/wp\/v2\/product"}],"about":[{"href":"https:\/\/www.museuhistoricosl.com.br\/loja\/wp-json\/wp\/v2\/types\/product"}],"replies":[{"embeddable":true,"href":"https:\/\/www.museuhistoricosl.com.br\/loja\/wp-json\/wp\/v2\/comments?post=61201"}],"wp:featuredmedia":[{"embeddable":true,"href":"https:\/\/www.museuhistoricosl.com.br\/loja\/wp-json\/wp\/v2\/media\/61200"}],"wp:attachment":[{"href":"https:\/\/www.museuhistoricosl.com.br\/loja\/wp-json\/wp\/v2\/media?parent=61201"}],"wp:term":[{"taxonomy":"product_cat","embeddable":true,"href":"https:\/\/www.museuhistoricosl.com.br\/loja\/wp-json\/wp\/v2\/product_cat?post=61201"},{"taxonomy":"product_tag","embeddable":true,"href":"https:\/\/www.museuhistoricosl.com.br\/loja\/wp-json\/wp\/v2\/product_tag?post=61201"}],"curies":[{"name":"wp","href":"https:\/\/api.w.org\/{rel}","templated":true}]}}