{"id":60890,"date":"2022-01-27T14:41:39","date_gmt":"2022-01-27T17:41:39","guid":{"rendered":"https:\/\/www.museuhistoricosl.com.br\/loja\/produto\/sl095-fd-0085\/"},"modified":"2022-01-27T14:41:39","modified_gmt":"2022-01-27T17:41:39","slug":"sl095-fd-0085","status":"publish","type":"product","link":"https:\/\/www.museuhistoricosl.com.br\/loja\/produto\/sl095-fd-0085\/","title":{"rendered":"SL095-FD-0085"},"content":{"rendered":"<p>sem informa\u00e7\u00e3o; Trabalho e Produ\u00e7\u00e3o; <\/p>\n","protected":false},"excerpt":{"rendered":"<p>sem informa\u00e7\u00e3o; Trabalho e Produ\u00e7\u00e3o;<\/p>\n","protected":false},"featured_media":60889,"comment_status":"open","ping_status":"closed","template":"","meta":{"_acf_changed":false},"product_cat":[125],"product_tag":[],"class_list":["post-60890","product","type-product","status-publish","has-post-thumbnail","hentry","product_cat-trabalho-e-producao"],"acf":[],"_links":{"self":[{"href":"https:\/\/www.museuhistoricosl.com.br\/loja\/wp-json\/wp\/v2\/product\/60890","targetHints":{"allow":["GET"]}}],"collection":[{"href":"https:\/\/www.museuhistoricosl.com.br\/loja\/wp-json\/wp\/v2\/product"}],"about":[{"href":"https:\/\/www.museuhistoricosl.com.br\/loja\/wp-json\/wp\/v2\/types\/product"}],"replies":[{"embeddable":true,"href":"https:\/\/www.museuhistoricosl.com.br\/loja\/wp-json\/wp\/v2\/comments?post=60890"}],"wp:featuredmedia":[{"embeddable":true,"href":"https:\/\/www.museuhistoricosl.com.br\/loja\/wp-json\/wp\/v2\/media\/60889"}],"wp:attachment":[{"href":"https:\/\/www.museuhistoricosl.com.br\/loja\/wp-json\/wp\/v2\/media?parent=60890"}],"wp:term":[{"taxonomy":"product_cat","embeddable":true,"href":"https:\/\/www.museuhistoricosl.com.br\/loja\/wp-json\/wp\/v2\/product_cat?post=60890"},{"taxonomy":"product_tag","embeddable":true,"href":"https:\/\/www.museuhistoricosl.com.br\/loja\/wp-json\/wp\/v2\/product_tag?post=60890"}],"curies":[{"name":"wp","href":"https:\/\/api.w.org\/{rel}","templated":true}]}}