{"id":60878,"date":"2022-01-27T14:41:32","date_gmt":"2022-01-27T17:41:32","guid":{"rendered":"https:\/\/www.museuhistoricosl.com.br\/loja\/produto\/sl095-fd-0079\/"},"modified":"2022-01-27T14:41:32","modified_gmt":"2022-01-27T17:41:32","slug":"sl095-fd-0079","status":"publish","type":"product","link":"https:\/\/www.museuhistoricosl.com.br\/loja\/produto\/sl095-fd-0079\/","title":{"rendered":"SL095-FD-0079"},"content":{"rendered":"<p>Lembran\u00e7a da f\u00e1brica de biscoitos e caramelos Vi\u00fava Sperb. S\u00e3o Leopoldo, 25 de dezembro de 1922; Trabalho e Produ\u00e7\u00e3o; <\/p>\n","protected":false},"excerpt":{"rendered":"<p>Lembran\u00e7a da f\u00e1brica de biscoitos e caramelos Vi\u00fava Sperb. S\u00e3o Leopoldo, 25 de dezembro de 1922; Trabalho e Produ\u00e7\u00e3o;<\/p>\n","protected":false},"featured_media":60877,"comment_status":"open","ping_status":"closed","template":"","meta":{"_acf_changed":false},"product_cat":[125],"product_tag":[],"class_list":["post-60878","product","type-product","status-publish","has-post-thumbnail","hentry","product_cat-trabalho-e-producao"],"acf":[],"_links":{"self":[{"href":"https:\/\/www.museuhistoricosl.com.br\/loja\/wp-json\/wp\/v2\/product\/60878","targetHints":{"allow":["GET"]}}],"collection":[{"href":"https:\/\/www.museuhistoricosl.com.br\/loja\/wp-json\/wp\/v2\/product"}],"about":[{"href":"https:\/\/www.museuhistoricosl.com.br\/loja\/wp-json\/wp\/v2\/types\/product"}],"replies":[{"embeddable":true,"href":"https:\/\/www.museuhistoricosl.com.br\/loja\/wp-json\/wp\/v2\/comments?post=60878"}],"wp:featuredmedia":[{"embeddable":true,"href":"https:\/\/www.museuhistoricosl.com.br\/loja\/wp-json\/wp\/v2\/media\/60877"}],"wp:attachment":[{"href":"https:\/\/www.museuhistoricosl.com.br\/loja\/wp-json\/wp\/v2\/media?parent=60878"}],"wp:term":[{"taxonomy":"product_cat","embeddable":true,"href":"https:\/\/www.museuhistoricosl.com.br\/loja\/wp-json\/wp\/v2\/product_cat?post=60878"},{"taxonomy":"product_tag","embeddable":true,"href":"https:\/\/www.museuhistoricosl.com.br\/loja\/wp-json\/wp\/v2\/product_tag?post=60878"}],"curies":[{"name":"wp","href":"https:\/\/api.w.org\/{rel}","templated":true}]}}