{"id":60333,"date":"2022-01-27T14:15:50","date_gmt":"2022-01-27T17:15:50","guid":{"rendered":"https:\/\/www.museuhistoricosl.com.br\/loja\/produto\/sl088-fd-0107\/"},"modified":"2022-01-27T14:15:50","modified_gmt":"2022-01-27T17:15:50","slug":"sl088-fd-0107","status":"publish","type":"product","link":"https:\/\/www.museuhistoricosl.com.br\/loja\/produto\/sl088-fd-0107\/","title":{"rendered":"SL088-FD-0107"},"content":{"rendered":"<p>O Grupo de ULM, Rep. Fed. Alemanha, estava marcado para visita deste setembro atrav\u00e9s do Benno Heumann, professor de dan\u00e7as alem\u00e3s em Nova Petr\u00f3polis e Casa da Juventude em Gramado. A visita foi um &#8220;neg\u00f3cio&#8221;! Ningu\u00e9m imaginava encontar um Museu como o nosso, muito menos algu\u00e9m com mil explica\u00e7\u00f5es e demostra\u00e7\u00f5es (especialmente cantos acompanhados de viol\u00e3o) sobre os imigrantes. &#8220;Sehr sch\u00f6n&#8221;, &#8220;Sch\u00f6ne Arbeit&#8221; &#8211; muito bonito, bonito trabalho e por api foi. Valeu. Eu disse que a entrada de 1,00, o chefe pagou 2 por pessoa: 50,00!, TL.M\u00fcller, 14\/12\/2002; Sociedades de Canto e Bandas; <\/p>\n","protected":false},"excerpt":{"rendered":"<p>O Grupo de ULM, Rep. Fed. Alemanha, estava marcado para visita deste setembro atrav\u00e9s do Benno Heumann, professor de dan\u00e7as<\/p>\n","protected":false},"featured_media":60332,"comment_status":"open","ping_status":"closed","template":"","meta":{"_acf_changed":false},"product_cat":[123],"product_tag":[],"class_list":["post-60333","product","type-product","status-publish","has-post-thumbnail","hentry","product_cat-sociedades-de-canto-e-bandas"],"acf":[],"_links":{"self":[{"href":"https:\/\/www.museuhistoricosl.com.br\/loja\/wp-json\/wp\/v2\/product\/60333","targetHints":{"allow":["GET"]}}],"collection":[{"href":"https:\/\/www.museuhistoricosl.com.br\/loja\/wp-json\/wp\/v2\/product"}],"about":[{"href":"https:\/\/www.museuhistoricosl.com.br\/loja\/wp-json\/wp\/v2\/types\/product"}],"replies":[{"embeddable":true,"href":"https:\/\/www.museuhistoricosl.com.br\/loja\/wp-json\/wp\/v2\/comments?post=60333"}],"wp:featuredmedia":[{"embeddable":true,"href":"https:\/\/www.museuhistoricosl.com.br\/loja\/wp-json\/wp\/v2\/media\/60332"}],"wp:attachment":[{"href":"https:\/\/www.museuhistoricosl.com.br\/loja\/wp-json\/wp\/v2\/media?parent=60333"}],"wp:term":[{"taxonomy":"product_cat","embeddable":true,"href":"https:\/\/www.museuhistoricosl.com.br\/loja\/wp-json\/wp\/v2\/product_cat?post=60333"},{"taxonomy":"product_tag","embeddable":true,"href":"https:\/\/www.museuhistoricosl.com.br\/loja\/wp-json\/wp\/v2\/product_tag?post=60333"}],"curies":[{"name":"wp","href":"https:\/\/api.w.org\/{rel}","templated":true}]}}