{"id":60153,"date":"2022-01-27T14:13:24","date_gmt":"2022-01-27T17:13:24","guid":{"rendered":"https:\/\/www.museuhistoricosl.com.br\/loja\/produto\/sl088-fd-0017\/"},"modified":"2022-01-27T14:13:24","modified_gmt":"2022-01-27T17:13:24","slug":"sl088-fd-0017","status":"publish","type":"product","link":"https:\/\/www.museuhistoricosl.com.br\/loja\/produto\/sl088-fd-0017\/","title":{"rendered":"SL088-FD-0017"},"content":{"rendered":"<p>Foto sem maiores informa\u00e7\u00f5es. &#8211; C\u00f3digo anterior de cat\u00e1logo:FD 88-17; Sociedades de Canto e Bandas; <\/p>\n","protected":false},"excerpt":{"rendered":"<p>Foto sem maiores informa\u00e7\u00f5es. &#8211; C\u00f3digo anterior de cat\u00e1logo:FD 88-17; Sociedades de Canto e Bandas;<\/p>\n","protected":false},"featured_media":60152,"comment_status":"open","ping_status":"closed","template":"","meta":{"_acf_changed":false},"product_cat":[123],"product_tag":[],"class_list":["post-60153","product","type-product","status-publish","has-post-thumbnail","hentry","product_cat-sociedades-de-canto-e-bandas"],"acf":[],"_links":{"self":[{"href":"https:\/\/www.museuhistoricosl.com.br\/loja\/wp-json\/wp\/v2\/product\/60153","targetHints":{"allow":["GET"]}}],"collection":[{"href":"https:\/\/www.museuhistoricosl.com.br\/loja\/wp-json\/wp\/v2\/product"}],"about":[{"href":"https:\/\/www.museuhistoricosl.com.br\/loja\/wp-json\/wp\/v2\/types\/product"}],"replies":[{"embeddable":true,"href":"https:\/\/www.museuhistoricosl.com.br\/loja\/wp-json\/wp\/v2\/comments?post=60153"}],"wp:featuredmedia":[{"embeddable":true,"href":"https:\/\/www.museuhistoricosl.com.br\/loja\/wp-json\/wp\/v2\/media\/60152"}],"wp:attachment":[{"href":"https:\/\/www.museuhistoricosl.com.br\/loja\/wp-json\/wp\/v2\/media?parent=60153"}],"wp:term":[{"taxonomy":"product_cat","embeddable":true,"href":"https:\/\/www.museuhistoricosl.com.br\/loja\/wp-json\/wp\/v2\/product_cat?post=60153"},{"taxonomy":"product_tag","embeddable":true,"href":"https:\/\/www.museuhistoricosl.com.br\/loja\/wp-json\/wp\/v2\/product_tag?post=60153"}],"curies":[{"name":"wp","href":"https:\/\/api.w.org\/{rel}","templated":true}]}}