{"id":60145,"date":"2022-01-27T14:13:17","date_gmt":"2022-01-27T17:13:17","guid":{"rendered":"https:\/\/www.museuhistoricosl.com.br\/loja\/produto\/sl088-fd-0013\/"},"modified":"2022-01-27T14:13:17","modified_gmt":"2022-01-27T17:13:17","slug":"sl088-fd-0013","status":"publish","type":"product","link":"https:\/\/www.museuhistoricosl.com.br\/loja\/produto\/sl088-fd-0013\/","title":{"rendered":"SL088-FD-0013"},"content":{"rendered":"<p>Foto sem maiores informa\u00e7\u00f5es. &#8211; C\u00f3digo anterior de cat\u00e1logo:FD 88-13; Sociedades de Canto e Bandas; <\/p>\n","protected":false},"excerpt":{"rendered":"<p>Foto sem maiores informa\u00e7\u00f5es. &#8211; C\u00f3digo anterior de cat\u00e1logo:FD 88-13; Sociedades de Canto e Bandas;<\/p>\n","protected":false},"featured_media":60144,"comment_status":"open","ping_status":"closed","template":"","meta":{"_acf_changed":false},"product_cat":[123],"product_tag":[],"class_list":["post-60145","product","type-product","status-publish","has-post-thumbnail","hentry","product_cat-sociedades-de-canto-e-bandas"],"acf":[],"_links":{"self":[{"href":"https:\/\/www.museuhistoricosl.com.br\/loja\/wp-json\/wp\/v2\/product\/60145","targetHints":{"allow":["GET"]}}],"collection":[{"href":"https:\/\/www.museuhistoricosl.com.br\/loja\/wp-json\/wp\/v2\/product"}],"about":[{"href":"https:\/\/www.museuhistoricosl.com.br\/loja\/wp-json\/wp\/v2\/types\/product"}],"replies":[{"embeddable":true,"href":"https:\/\/www.museuhistoricosl.com.br\/loja\/wp-json\/wp\/v2\/comments?post=60145"}],"wp:featuredmedia":[{"embeddable":true,"href":"https:\/\/www.museuhistoricosl.com.br\/loja\/wp-json\/wp\/v2\/media\/60144"}],"wp:attachment":[{"href":"https:\/\/www.museuhistoricosl.com.br\/loja\/wp-json\/wp\/v2\/media?parent=60145"}],"wp:term":[{"taxonomy":"product_cat","embeddable":true,"href":"https:\/\/www.museuhistoricosl.com.br\/loja\/wp-json\/wp\/v2\/product_cat?post=60145"},{"taxonomy":"product_tag","embeddable":true,"href":"https:\/\/www.museuhistoricosl.com.br\/loja\/wp-json\/wp\/v2\/product_tag?post=60145"}],"curies":[{"name":"wp","href":"https:\/\/api.w.org\/{rel}","templated":true}]}}