{"id":60125,"date":"2022-01-27T14:13:05","date_gmt":"2022-01-27T17:13:05","guid":{"rendered":"https:\/\/www.museuhistoricosl.com.br\/loja\/produto\/sl088-fd-0002\/"},"modified":"2022-01-27T14:13:05","modified_gmt":"2022-01-27T17:13:05","slug":"sl088-fd-0002","status":"publish","type":"product","link":"https:\/\/www.museuhistoricosl.com.br\/loja\/produto\/sl088-fd-0002\/","title":{"rendered":"SL088-FD-0002"},"content":{"rendered":"<p>Sociedade Gin\u00e1stica de Lomba Grande.  &#8211; C\u00f3digo anterior de cat\u00e1logo:FD 88-02; Sociedades de Canto e Bandas; <\/p>\n","protected":false},"excerpt":{"rendered":"<p>Sociedade Gin\u00e1stica de Lomba Grande. &#8211; C\u00f3digo anterior de cat\u00e1logo:FD 88-02; Sociedades de Canto e Bandas;<\/p>\n","protected":false},"featured_media":60124,"comment_status":"open","ping_status":"closed","template":"","meta":{"_acf_changed":false},"product_cat":[123],"product_tag":[],"class_list":["post-60125","product","type-product","status-publish","has-post-thumbnail","hentry","product_cat-sociedades-de-canto-e-bandas"],"acf":[],"_links":{"self":[{"href":"https:\/\/www.museuhistoricosl.com.br\/loja\/wp-json\/wp\/v2\/product\/60125","targetHints":{"allow":["GET"]}}],"collection":[{"href":"https:\/\/www.museuhistoricosl.com.br\/loja\/wp-json\/wp\/v2\/product"}],"about":[{"href":"https:\/\/www.museuhistoricosl.com.br\/loja\/wp-json\/wp\/v2\/types\/product"}],"replies":[{"embeddable":true,"href":"https:\/\/www.museuhistoricosl.com.br\/loja\/wp-json\/wp\/v2\/comments?post=60125"}],"wp:featuredmedia":[{"embeddable":true,"href":"https:\/\/www.museuhistoricosl.com.br\/loja\/wp-json\/wp\/v2\/media\/60124"}],"wp:attachment":[{"href":"https:\/\/www.museuhistoricosl.com.br\/loja\/wp-json\/wp\/v2\/media?parent=60125"}],"wp:term":[{"taxonomy":"product_cat","embeddable":true,"href":"https:\/\/www.museuhistoricosl.com.br\/loja\/wp-json\/wp\/v2\/product_cat?post=60125"},{"taxonomy":"product_tag","embeddable":true,"href":"https:\/\/www.museuhistoricosl.com.br\/loja\/wp-json\/wp\/v2\/product_tag?post=60125"}],"curies":[{"name":"wp","href":"https:\/\/api.w.org\/{rel}","templated":true}]}}