{"id":58272,"date":"2022-01-27T13:41:59","date_gmt":"2022-01-27T16:41:59","guid":{"rendered":"https:\/\/www.museuhistoricosl.com.br\/loja\/produto\/sl092-fd-0016\/"},"modified":"2022-01-27T13:41:59","modified_gmt":"2022-01-27T16:41:59","slug":"sl092-fd-0016","status":"publish","type":"product","link":"https:\/\/www.museuhistoricosl.com.br\/loja\/produto\/sl092-fd-0016\/","title":{"rendered":"SL092-FD-0016"},"content":{"rendered":"<p>Reconstru\u00e7\u00e3o da Sociedade Orpheu. &#8211; C\u00f3digo anterior de cat\u00e1logo:FD 92,1-16; Sociedade Orpheu &#8211; S\u00e3o Leopoldo; <\/p>\n","protected":false},"excerpt":{"rendered":"<p>Reconstru\u00e7\u00e3o da Sociedade Orpheu. &#8211; C\u00f3digo anterior de cat\u00e1logo:FD 92,1-16; Sociedade Orpheu &#8211; S\u00e3o Leopoldo;<\/p>\n","protected":false},"featured_media":58271,"comment_status":"open","ping_status":"closed","template":"","meta":{"_acf_changed":false},"product_cat":[122],"product_tag":[],"class_list":["post-58272","product","type-product","status-publish","has-post-thumbnail","hentry","product_cat-sociedade-orpheu-sao-leopoldo"],"acf":[],"_links":{"self":[{"href":"https:\/\/www.museuhistoricosl.com.br\/loja\/wp-json\/wp\/v2\/product\/58272","targetHints":{"allow":["GET"]}}],"collection":[{"href":"https:\/\/www.museuhistoricosl.com.br\/loja\/wp-json\/wp\/v2\/product"}],"about":[{"href":"https:\/\/www.museuhistoricosl.com.br\/loja\/wp-json\/wp\/v2\/types\/product"}],"replies":[{"embeddable":true,"href":"https:\/\/www.museuhistoricosl.com.br\/loja\/wp-json\/wp\/v2\/comments?post=58272"}],"wp:featuredmedia":[{"embeddable":true,"href":"https:\/\/www.museuhistoricosl.com.br\/loja\/wp-json\/wp\/v2\/media\/58271"}],"wp:attachment":[{"href":"https:\/\/www.museuhistoricosl.com.br\/loja\/wp-json\/wp\/v2\/media?parent=58272"}],"wp:term":[{"taxonomy":"product_cat","embeddable":true,"href":"https:\/\/www.museuhistoricosl.com.br\/loja\/wp-json\/wp\/v2\/product_cat?post=58272"},{"taxonomy":"product_tag","embeddable":true,"href":"https:\/\/www.museuhistoricosl.com.br\/loja\/wp-json\/wp\/v2\/product_tag?post=58272"}],"curies":[{"name":"wp","href":"https:\/\/api.w.org\/{rel}","templated":true}]}}