{"id":58262,"date":"2022-01-27T13:41:53","date_gmt":"2022-01-27T16:41:53","guid":{"rendered":"https:\/\/www.museuhistoricosl.com.br\/loja\/produto\/sl092-fd-0011\/"},"modified":"2022-01-27T13:41:53","modified_gmt":"2022-01-27T16:41:53","slug":"sl092-fd-0011","status":"publish","type":"product","link":"https:\/\/www.museuhistoricosl.com.br\/loja\/produto\/sl092-fd-0011\/","title":{"rendered":"SL092-FD-0011"},"content":{"rendered":"<p>Reconstru\u00e7\u00e3o da Sociedade Orpheu, 06\/1997. A parede que ampliou a boate, em foto tirada da rua Marqu\u00eas do Herval. &#8211; C\u00f3digo anterior de cat\u00e1logo:FD 92,1-11; Sociedade Orpheu &#8211; S\u00e3o Leopoldo; <\/p>\n","protected":false},"excerpt":{"rendered":"<p>Reconstru\u00e7\u00e3o da Sociedade Orpheu, 06\/1997. A parede que ampliou a boate, em foto tirada da rua Marqu\u00eas do Herval. &#8211;<\/p>\n","protected":false},"featured_media":58261,"comment_status":"open","ping_status":"closed","template":"","meta":{"_acf_changed":false},"product_cat":[122],"product_tag":[],"class_list":["post-58262","product","type-product","status-publish","has-post-thumbnail","hentry","product_cat-sociedade-orpheu-sao-leopoldo"],"acf":[],"_links":{"self":[{"href":"https:\/\/www.museuhistoricosl.com.br\/loja\/wp-json\/wp\/v2\/product\/58262","targetHints":{"allow":["GET"]}}],"collection":[{"href":"https:\/\/www.museuhistoricosl.com.br\/loja\/wp-json\/wp\/v2\/product"}],"about":[{"href":"https:\/\/www.museuhistoricosl.com.br\/loja\/wp-json\/wp\/v2\/types\/product"}],"replies":[{"embeddable":true,"href":"https:\/\/www.museuhistoricosl.com.br\/loja\/wp-json\/wp\/v2\/comments?post=58262"}],"wp:featuredmedia":[{"embeddable":true,"href":"https:\/\/www.museuhistoricosl.com.br\/loja\/wp-json\/wp\/v2\/media\/58261"}],"wp:attachment":[{"href":"https:\/\/www.museuhistoricosl.com.br\/loja\/wp-json\/wp\/v2\/media?parent=58262"}],"wp:term":[{"taxonomy":"product_cat","embeddable":true,"href":"https:\/\/www.museuhistoricosl.com.br\/loja\/wp-json\/wp\/v2\/product_cat?post=58262"},{"taxonomy":"product_tag","embeddable":true,"href":"https:\/\/www.museuhistoricosl.com.br\/loja\/wp-json\/wp\/v2\/product_tag?post=58262"}],"curies":[{"name":"wp","href":"https:\/\/api.w.org\/{rel}","templated":true}]}}