{"id":58239,"date":"2022-01-27T13:31:08","date_gmt":"2022-01-27T16:31:08","guid":{"rendered":"https:\/\/www.museuhistoricosl.com.br\/loja\/produto\/sl089-fd-1004\/"},"modified":"2022-01-27T13:31:08","modified_gmt":"2022-01-27T16:31:08","slug":"sl089-fd-1004","status":"publish","type":"product","link":"https:\/\/www.museuhistoricosl.com.br\/loja\/produto\/sl089-fd-1004\/","title":{"rendered":"SL089-FD-1004"},"content":{"rendered":"<p>Diretoria no 25 jubileo da Soc. Gin\u00e1stica. Doa\u00e7\u00e3o de Ana Leniem. &#8211; C\u00f3digo anterior de cat\u00e1logo:FD 89,4a; Sociedade Gin\u00e1stica &#8211; S\u00e3o Leopoldo; <\/p>\n","protected":false},"excerpt":{"rendered":"<p>Diretoria no 25 jubileo da Soc. Gin\u00e1stica. Doa\u00e7\u00e3o de Ana Leniem. &#8211; C\u00f3digo anterior de cat\u00e1logo:FD 89,4a; Sociedade Gin\u00e1stica &#8211;<\/p>\n","protected":false},"featured_media":58238,"comment_status":"open","ping_status":"closed","template":"","meta":{"_acf_changed":false},"product_cat":[121],"product_tag":[],"class_list":["post-58239","product","type-product","status-publish","has-post-thumbnail","hentry","product_cat-sociedade-ginastica-sao-leopoldo"],"acf":[],"_links":{"self":[{"href":"https:\/\/www.museuhistoricosl.com.br\/loja\/wp-json\/wp\/v2\/product\/58239","targetHints":{"allow":["GET"]}}],"collection":[{"href":"https:\/\/www.museuhistoricosl.com.br\/loja\/wp-json\/wp\/v2\/product"}],"about":[{"href":"https:\/\/www.museuhistoricosl.com.br\/loja\/wp-json\/wp\/v2\/types\/product"}],"replies":[{"embeddable":true,"href":"https:\/\/www.museuhistoricosl.com.br\/loja\/wp-json\/wp\/v2\/comments?post=58239"}],"wp:featuredmedia":[{"embeddable":true,"href":"https:\/\/www.museuhistoricosl.com.br\/loja\/wp-json\/wp\/v2\/media\/58238"}],"wp:attachment":[{"href":"https:\/\/www.museuhistoricosl.com.br\/loja\/wp-json\/wp\/v2\/media?parent=58239"}],"wp:term":[{"taxonomy":"product_cat","embeddable":true,"href":"https:\/\/www.museuhistoricosl.com.br\/loja\/wp-json\/wp\/v2\/product_cat?post=58239"},{"taxonomy":"product_tag","embeddable":true,"href":"https:\/\/www.museuhistoricosl.com.br\/loja\/wp-json\/wp\/v2\/product_tag?post=58239"}],"curies":[{"name":"wp","href":"https:\/\/api.w.org\/{rel}","templated":true}]}}