{"id":58231,"date":"2022-01-27T13:31:02","date_gmt":"2022-01-27T16:31:02","guid":{"rendered":"https:\/\/www.museuhistoricosl.com.br\/loja\/produto\/sl089-fd-0608\/"},"modified":"2022-01-27T13:31:02","modified_gmt":"2022-01-27T16:31:02","slug":"sl089-fd-0608","status":"publish","type":"product","link":"https:\/\/www.museuhistoricosl.com.br\/loja\/produto\/sl089-fd-0608\/","title":{"rendered":"SL089-FD-0608"},"content":{"rendered":"<p>Clube de Bol\u00e3o de Senhoras &#8220;Sempre Unidas&#8221;, fundado em 04.07.1947.  Sentadas, da esquerda para a direita: Ondina Groth, Elly M\u00fcller (m\u00e3e do professor Telmo Lauro M\u00fcller, ex-diretor do Museu Hist\u00f3rico Visconde de S\u00e3o Leopoldo), Idalina Klein (sogra de Telmo Lauro M\u00fcller), Irma Faller (m\u00e3e de Germano Oscar Moehlecke, comerciante, pesquisador e ex-presidente do Museu Hist\u00f3rico Visconde de S\u00e3o Leopoldo), Ilda Mazzaferro.Em p\u00e9, da esquerda para a direita: Selma Linck, Ida Nowatzky, _____ Bento Alves, Dalila Bier, Cenina Berger, _____ Ellert, Diva Roeffer. &#8211; C\u00f3digo anterior de cat\u00e1logo:FD 89-08; Sociedade Gin\u00e1stica &#8211; S\u00e3o Leopoldo; <\/p>\n","protected":false},"excerpt":{"rendered":"<p>Clube de Bol\u00e3o de Senhoras &#8220;Sempre Unidas&#8221;, fundado em 04.07.1947. Sentadas, da esquerda para a direita: Ondina Groth, Elly M\u00fcller<\/p>\n","protected":false},"featured_media":58230,"comment_status":"open","ping_status":"closed","template":"","meta":{"_acf_changed":false},"product_cat":[121],"product_tag":[],"class_list":["post-58231","product","type-product","status-publish","has-post-thumbnail","hentry","product_cat-sociedade-ginastica-sao-leopoldo"],"acf":[],"_links":{"self":[{"href":"https:\/\/www.museuhistoricosl.com.br\/loja\/wp-json\/wp\/v2\/product\/58231","targetHints":{"allow":["GET"]}}],"collection":[{"href":"https:\/\/www.museuhistoricosl.com.br\/loja\/wp-json\/wp\/v2\/product"}],"about":[{"href":"https:\/\/www.museuhistoricosl.com.br\/loja\/wp-json\/wp\/v2\/types\/product"}],"replies":[{"embeddable":true,"href":"https:\/\/www.museuhistoricosl.com.br\/loja\/wp-json\/wp\/v2\/comments?post=58231"}],"wp:featuredmedia":[{"embeddable":true,"href":"https:\/\/www.museuhistoricosl.com.br\/loja\/wp-json\/wp\/v2\/media\/58230"}],"wp:attachment":[{"href":"https:\/\/www.museuhistoricosl.com.br\/loja\/wp-json\/wp\/v2\/media?parent=58231"}],"wp:term":[{"taxonomy":"product_cat","embeddable":true,"href":"https:\/\/www.museuhistoricosl.com.br\/loja\/wp-json\/wp\/v2\/product_cat?post=58231"},{"taxonomy":"product_tag","embeddable":true,"href":"https:\/\/www.museuhistoricosl.com.br\/loja\/wp-json\/wp\/v2\/product_tag?post=58231"}],"curies":[{"name":"wp","href":"https:\/\/api.w.org\/{rel}","templated":true}]}}