{"id":58225,"date":"2022-01-27T13:30:58","date_gmt":"2022-01-27T16:30:58","guid":{"rendered":"https:\/\/www.museuhistoricosl.com.br\/loja\/produto\/sl089-fd-0605\/"},"modified":"2022-01-27T13:30:58","modified_gmt":"2022-01-27T16:30:58","slug":"sl089-fd-0605","status":"publish","type":"product","link":"https:\/\/www.museuhistoricosl.com.br\/loja\/produto\/sl089-fd-0605\/","title":{"rendered":"SL089-FD-0605"},"content":{"rendered":"<p>Franz Louis Weinmann, vice-presidente (1\u00aa diretoria) da Sociedade Gin\u00e1stica de S\u00e3o Leopoldo. Foi um dos fundadores da entidade. Tamb\u00e9m foi presidente da mesma, entre 1887 e 1893. &#8211; C\u00f3digo anterior de cat\u00e1logo:FD 89-05; Sociedade Gin\u00e1stica &#8211; S\u00e3o Leopoldo; <\/p>\n","protected":false},"excerpt":{"rendered":"<p>Franz Louis Weinmann, vice-presidente (1\u00aa diretoria) da Sociedade Gin\u00e1stica de S\u00e3o Leopoldo. Foi um dos fundadores da entidade. Tamb\u00e9m foi<\/p>\n","protected":false},"featured_media":58224,"comment_status":"open","ping_status":"closed","template":"","meta":{"_acf_changed":false},"product_cat":[121],"product_tag":[],"class_list":["post-58225","product","type-product","status-publish","has-post-thumbnail","hentry","product_cat-sociedade-ginastica-sao-leopoldo"],"acf":[],"_links":{"self":[{"href":"https:\/\/www.museuhistoricosl.com.br\/loja\/wp-json\/wp\/v2\/product\/58225","targetHints":{"allow":["GET"]}}],"collection":[{"href":"https:\/\/www.museuhistoricosl.com.br\/loja\/wp-json\/wp\/v2\/product"}],"about":[{"href":"https:\/\/www.museuhistoricosl.com.br\/loja\/wp-json\/wp\/v2\/types\/product"}],"replies":[{"embeddable":true,"href":"https:\/\/www.museuhistoricosl.com.br\/loja\/wp-json\/wp\/v2\/comments?post=58225"}],"wp:featuredmedia":[{"embeddable":true,"href":"https:\/\/www.museuhistoricosl.com.br\/loja\/wp-json\/wp\/v2\/media\/58224"}],"wp:attachment":[{"href":"https:\/\/www.museuhistoricosl.com.br\/loja\/wp-json\/wp\/v2\/media?parent=58225"}],"wp:term":[{"taxonomy":"product_cat","embeddable":true,"href":"https:\/\/www.museuhistoricosl.com.br\/loja\/wp-json\/wp\/v2\/product_cat?post=58225"},{"taxonomy":"product_tag","embeddable":true,"href":"https:\/\/www.museuhistoricosl.com.br\/loja\/wp-json\/wp\/v2\/product_tag?post=58225"}],"curies":[{"name":"wp","href":"https:\/\/api.w.org\/{rel}","templated":true}]}}