{"id":57091,"date":"2022-01-27T13:13:13","date_gmt":"2022-01-27T16:13:13","guid":{"rendered":"https:\/\/www.museuhistoricosl.com.br\/loja\/produto\/sl089-fd-0029\/"},"modified":"2022-01-27T13:13:13","modified_gmt":"2022-01-27T16:13:13","slug":"sl089-fd-0029","status":"publish","type":"product","link":"https:\/\/www.museuhistoricosl.com.br\/loja\/produto\/sl089-fd-0029\/","title":{"rendered":"SL089-FD-0029"},"content":{"rendered":"<p>Grupo de teatro e canto da Sociedade Gin\u00e1stica de S\u00e3o Leopoldo, 1927. *Otto D. F. Wagner; 1\u00aa fila (n\u00famero 5), Sra. Griessmeyer; 2\u00aa fila (n\u00famero 2), Gustavo Vogt; (n\u00famero 5), Wagner; (n\u00famero 6), J\u00falio Schlapp; 3\u00aa fila (n\u00famero 5), Jo\u00e3o Henning. &#8211; C\u00f3digo anterior de cat\u00e1logo:FD 89-29; Sociedade Gin\u00e1stica &#8211; S\u00e3o Leopoldo; <\/p>\n","protected":false},"excerpt":{"rendered":"<p>Grupo de teatro e canto da Sociedade Gin\u00e1stica de S\u00e3o Leopoldo, 1927. *Otto D. F. Wagner; 1\u00aa fila (n\u00famero 5),<\/p>\n","protected":false},"featured_media":57090,"comment_status":"open","ping_status":"closed","template":"","meta":{"_acf_changed":false},"product_cat":[121],"product_tag":[],"class_list":["post-57091","product","type-product","status-publish","has-post-thumbnail","hentry","product_cat-sociedade-ginastica-sao-leopoldo"],"acf":[],"_links":{"self":[{"href":"https:\/\/www.museuhistoricosl.com.br\/loja\/wp-json\/wp\/v2\/product\/57091","targetHints":{"allow":["GET"]}}],"collection":[{"href":"https:\/\/www.museuhistoricosl.com.br\/loja\/wp-json\/wp\/v2\/product"}],"about":[{"href":"https:\/\/www.museuhistoricosl.com.br\/loja\/wp-json\/wp\/v2\/types\/product"}],"replies":[{"embeddable":true,"href":"https:\/\/www.museuhistoricosl.com.br\/loja\/wp-json\/wp\/v2\/comments?post=57091"}],"wp:featuredmedia":[{"embeddable":true,"href":"https:\/\/www.museuhistoricosl.com.br\/loja\/wp-json\/wp\/v2\/media\/57090"}],"wp:attachment":[{"href":"https:\/\/www.museuhistoricosl.com.br\/loja\/wp-json\/wp\/v2\/media?parent=57091"}],"wp:term":[{"taxonomy":"product_cat","embeddable":true,"href":"https:\/\/www.museuhistoricosl.com.br\/loja\/wp-json\/wp\/v2\/product_cat?post=57091"},{"taxonomy":"product_tag","embeddable":true,"href":"https:\/\/www.museuhistoricosl.com.br\/loja\/wp-json\/wp\/v2\/product_tag?post=57091"}],"curies":[{"name":"wp","href":"https:\/\/api.w.org\/{rel}","templated":true}]}}