{"id":57077,"date":"2022-01-27T13:13:04","date_gmt":"2022-01-27T16:13:04","guid":{"rendered":"https:\/\/www.museuhistoricosl.com.br\/loja\/produto\/sl089-fd-0022\/"},"modified":"2022-01-27T13:13:04","modified_gmt":"2022-01-27T16:13:04","slug":"sl089-fd-0022","status":"publish","type":"product","link":"https:\/\/www.museuhistoricosl.com.br\/loja\/produto\/sl089-fd-0022\/","title":{"rendered":"SL089-FD-0022"},"content":{"rendered":"<p>Diretoria da Sociedade Gin\u00e1stica de S\u00e3o Leopoldo. Com o livro, Leopoldo Hoffmann Filho (1\u00ba secret\u00e1rio da diretoria entre 1907 e 1909; presidente da entidade entre 1923 e 1928).  &#8211; C\u00f3digo anterior de cat\u00e1logo:FD 89-22; Sociedade Gin\u00e1stica &#8211; S\u00e3o Leopoldo; <\/p>\n","protected":false},"excerpt":{"rendered":"<p>Diretoria da Sociedade Gin\u00e1stica de S\u00e3o Leopoldo. Com o livro, Leopoldo Hoffmann Filho (1\u00ba secret\u00e1rio da diretoria entre 1907 e<\/p>\n","protected":false},"featured_media":57076,"comment_status":"open","ping_status":"closed","template":"","meta":{"_acf_changed":false},"product_cat":[121],"product_tag":[],"class_list":["post-57077","product","type-product","status-publish","has-post-thumbnail","hentry","product_cat-sociedade-ginastica-sao-leopoldo"],"acf":[],"_links":{"self":[{"href":"https:\/\/www.museuhistoricosl.com.br\/loja\/wp-json\/wp\/v2\/product\/57077","targetHints":{"allow":["GET"]}}],"collection":[{"href":"https:\/\/www.museuhistoricosl.com.br\/loja\/wp-json\/wp\/v2\/product"}],"about":[{"href":"https:\/\/www.museuhistoricosl.com.br\/loja\/wp-json\/wp\/v2\/types\/product"}],"replies":[{"embeddable":true,"href":"https:\/\/www.museuhistoricosl.com.br\/loja\/wp-json\/wp\/v2\/comments?post=57077"}],"wp:featuredmedia":[{"embeddable":true,"href":"https:\/\/www.museuhistoricosl.com.br\/loja\/wp-json\/wp\/v2\/media\/57076"}],"wp:attachment":[{"href":"https:\/\/www.museuhistoricosl.com.br\/loja\/wp-json\/wp\/v2\/media?parent=57077"}],"wp:term":[{"taxonomy":"product_cat","embeddable":true,"href":"https:\/\/www.museuhistoricosl.com.br\/loja\/wp-json\/wp\/v2\/product_cat?post=57077"},{"taxonomy":"product_tag","embeddable":true,"href":"https:\/\/www.museuhistoricosl.com.br\/loja\/wp-json\/wp\/v2\/product_tag?post=57077"}],"curies":[{"name":"wp","href":"https:\/\/api.w.org\/{rel}","templated":true}]}}