{"id":57075,"date":"2022-01-27T13:13:02","date_gmt":"2022-01-27T16:13:02","guid":{"rendered":"https:\/\/www.museuhistoricosl.com.br\/loja\/produto\/sl089-fd-0021\/"},"modified":"2022-01-27T13:13:02","modified_gmt":"2022-01-27T16:13:02","slug":"sl089-fd-0021","status":"publish","type":"product","link":"https:\/\/www.museuhistoricosl.com.br\/loja\/produto\/sl089-fd-0021\/","title":{"rendered":"SL089-FD-0021"},"content":{"rendered":"<p>Grupo de Bol\u00e3o 6 de abril da Sociedade Gin\u00e1stica de S\u00e3o Leopoldo, em excurs\u00e3o ao Clube de Ca\u00e7a e Tiro, S\u00e3o Leopoldo, 1963. Sentados, da esquerda para a direita: Remi Diehl, Oscar B\u00fchler, Oscar Wolff, Alberto Schweitzer, Arthur Wallauer, Theobaldo Kruse, Ruben Lauro Marcks (&#8220;Batata&#8221;), Edgar Hauschild, Arno Nabinger. Em p\u00e9, da esquerda para a direita: Carlos Kemmer, Frederico Adolfo M\u00fcller, Bruno Lang, Armindo Hilgert, Germano Schaeffer, Eloy Hoff, Edwino Regner, Jo\u00e3o Carlos Becker, Nelson E. M\u00fcller, Afonso Diehl.  &#8211; C\u00f3digo anterior de cat\u00e1logo:FD 89-21; Sociedade Gin\u00e1stica &#8211; S\u00e3o Leopoldo; <\/p>\n","protected":false},"excerpt":{"rendered":"<p>Grupo de Bol\u00e3o 6 de abril da Sociedade Gin\u00e1stica de S\u00e3o Leopoldo, em excurs\u00e3o ao Clube de Ca\u00e7a e Tiro,<\/p>\n","protected":false},"featured_media":57074,"comment_status":"open","ping_status":"closed","template":"","meta":{"_acf_changed":false},"product_cat":[121],"product_tag":[],"class_list":["post-57075","product","type-product","status-publish","has-post-thumbnail","hentry","product_cat-sociedade-ginastica-sao-leopoldo"],"acf":[],"_links":{"self":[{"href":"https:\/\/www.museuhistoricosl.com.br\/loja\/wp-json\/wp\/v2\/product\/57075","targetHints":{"allow":["GET"]}}],"collection":[{"href":"https:\/\/www.museuhistoricosl.com.br\/loja\/wp-json\/wp\/v2\/product"}],"about":[{"href":"https:\/\/www.museuhistoricosl.com.br\/loja\/wp-json\/wp\/v2\/types\/product"}],"replies":[{"embeddable":true,"href":"https:\/\/www.museuhistoricosl.com.br\/loja\/wp-json\/wp\/v2\/comments?post=57075"}],"wp:featuredmedia":[{"embeddable":true,"href":"https:\/\/www.museuhistoricosl.com.br\/loja\/wp-json\/wp\/v2\/media\/57074"}],"wp:attachment":[{"href":"https:\/\/www.museuhistoricosl.com.br\/loja\/wp-json\/wp\/v2\/media?parent=57075"}],"wp:term":[{"taxonomy":"product_cat","embeddable":true,"href":"https:\/\/www.museuhistoricosl.com.br\/loja\/wp-json\/wp\/v2\/product_cat?post=57075"},{"taxonomy":"product_tag","embeddable":true,"href":"https:\/\/www.museuhistoricosl.com.br\/loja\/wp-json\/wp\/v2\/product_tag?post=57075"}],"curies":[{"name":"wp","href":"https:\/\/api.w.org\/{rel}","templated":true}]}}