{"id":57071,"date":"2022-01-27T13:12:57","date_gmt":"2022-01-27T16:12:57","guid":{"rendered":"https:\/\/www.museuhistoricosl.com.br\/loja\/produto\/sl089-fd-0019\/"},"modified":"2022-01-27T13:12:57","modified_gmt":"2022-01-27T16:12:57","slug":"sl089-fd-0019","status":"publish","type":"product","link":"https:\/\/www.museuhistoricosl.com.br\/loja\/produto\/sl089-fd-0019\/","title":{"rendered":"SL089-FD-0019"},"content":{"rendered":"<p>Representa\u00e7\u00e3o teatral na Sociedade Gin\u00e1stica de S\u00e3o Leopoldo. 3-Vera Hofmann; 4-Germano Ledel; 5-_____ Mohr; 6-Antonio Campani; 10-Bianca Mohr; 12-Cora Ledel (Wolfenb\u00fcttel).  &#8211; C\u00f3digo anterior de cat\u00e1logo:FD 89-19; Sociedade Gin\u00e1stica &#8211; S\u00e3o Leopoldo; <\/p>\n","protected":false},"excerpt":{"rendered":"<p>Representa\u00e7\u00e3o teatral na Sociedade Gin\u00e1stica de S\u00e3o Leopoldo. 3-Vera Hofmann; 4-Germano Ledel; 5-_____ Mohr; 6-Antonio Campani; 10-Bianca Mohr; 12-Cora Ledel<\/p>\n","protected":false},"featured_media":57070,"comment_status":"open","ping_status":"closed","template":"","meta":{"_acf_changed":false},"product_cat":[121],"product_tag":[],"class_list":["post-57071","product","type-product","status-publish","has-post-thumbnail","hentry","product_cat-sociedade-ginastica-sao-leopoldo"],"acf":[],"_links":{"self":[{"href":"https:\/\/www.museuhistoricosl.com.br\/loja\/wp-json\/wp\/v2\/product\/57071","targetHints":{"allow":["GET"]}}],"collection":[{"href":"https:\/\/www.museuhistoricosl.com.br\/loja\/wp-json\/wp\/v2\/product"}],"about":[{"href":"https:\/\/www.museuhistoricosl.com.br\/loja\/wp-json\/wp\/v2\/types\/product"}],"replies":[{"embeddable":true,"href":"https:\/\/www.museuhistoricosl.com.br\/loja\/wp-json\/wp\/v2\/comments?post=57071"}],"wp:featuredmedia":[{"embeddable":true,"href":"https:\/\/www.museuhistoricosl.com.br\/loja\/wp-json\/wp\/v2\/media\/57070"}],"wp:attachment":[{"href":"https:\/\/www.museuhistoricosl.com.br\/loja\/wp-json\/wp\/v2\/media?parent=57071"}],"wp:term":[{"taxonomy":"product_cat","embeddable":true,"href":"https:\/\/www.museuhistoricosl.com.br\/loja\/wp-json\/wp\/v2\/product_cat?post=57071"},{"taxonomy":"product_tag","embeddable":true,"href":"https:\/\/www.museuhistoricosl.com.br\/loja\/wp-json\/wp\/v2\/product_tag?post=57071"}],"curies":[{"name":"wp","href":"https:\/\/api.w.org\/{rel}","templated":true}]}}