{"id":57067,"date":"2022-01-27T13:12:55","date_gmt":"2022-01-27T16:12:55","guid":{"rendered":"https:\/\/www.museuhistoricosl.com.br\/loja\/produto\/sl089-fd-0017\/"},"modified":"2022-01-27T13:12:55","modified_gmt":"2022-01-27T16:12:55","slug":"sl089-fd-0017","status":"publish","type":"product","link":"https:\/\/www.museuhistoricosl.com.br\/loja\/produto\/sl089-fd-0017\/","title":{"rendered":"SL089-FD-0017"},"content":{"rendered":"<p>1\u00ba coral da Sociedade Gin\u00e1stica de S\u00e3o Leopoldo, 1905.  Da esquerda para a direita: Fila de cima: ______ Fr\u00e4nkel; Paulo bier; Emerich Hopfer; ______ Ritz; Ant\u00f4nio Campani; Emilio Thurmann; Fila do meio: Carlos Nowatzky; Eloi Peterson; Roberto Seewald; Paul Olschowsky; ______ Jaenisch; Guilherme Wolf; ______;Fila de baixo: Alberto Helm; Constante Peterson; Heinrich Bohrer; Jan van Teffelen (regente do coral); ______; Ricus Bier; Bruno Schiehl. &#8211; C\u00f3digo anterior de cat\u00e1logo:FD 89-17; Sociedade Gin\u00e1stica &#8211; S\u00e3o Leopoldo; <\/p>\n","protected":false},"excerpt":{"rendered":"<p>1\u00ba coral da Sociedade Gin\u00e1stica de S\u00e3o Leopoldo, 1905. Da esquerda para a direita: Fila de cima: ______ Fr\u00e4nkel; Paulo<\/p>\n","protected":false},"featured_media":57066,"comment_status":"open","ping_status":"closed","template":"","meta":{"_acf_changed":false},"product_cat":[121],"product_tag":[],"class_list":["post-57067","product","type-product","status-publish","has-post-thumbnail","hentry","product_cat-sociedade-ginastica-sao-leopoldo"],"acf":[],"_links":{"self":[{"href":"https:\/\/www.museuhistoricosl.com.br\/loja\/wp-json\/wp\/v2\/product\/57067","targetHints":{"allow":["GET"]}}],"collection":[{"href":"https:\/\/www.museuhistoricosl.com.br\/loja\/wp-json\/wp\/v2\/product"}],"about":[{"href":"https:\/\/www.museuhistoricosl.com.br\/loja\/wp-json\/wp\/v2\/types\/product"}],"replies":[{"embeddable":true,"href":"https:\/\/www.museuhistoricosl.com.br\/loja\/wp-json\/wp\/v2\/comments?post=57067"}],"wp:featuredmedia":[{"embeddable":true,"href":"https:\/\/www.museuhistoricosl.com.br\/loja\/wp-json\/wp\/v2\/media\/57066"}],"wp:attachment":[{"href":"https:\/\/www.museuhistoricosl.com.br\/loja\/wp-json\/wp\/v2\/media?parent=57067"}],"wp:term":[{"taxonomy":"product_cat","embeddable":true,"href":"https:\/\/www.museuhistoricosl.com.br\/loja\/wp-json\/wp\/v2\/product_cat?post=57067"},{"taxonomy":"product_tag","embeddable":true,"href":"https:\/\/www.museuhistoricosl.com.br\/loja\/wp-json\/wp\/v2\/product_tag?post=57067"}],"curies":[{"name":"wp","href":"https:\/\/api.w.org\/{rel}","templated":true}]}}