{"id":57063,"date":"2022-01-27T13:12:52","date_gmt":"2022-01-27T16:12:52","guid":{"rendered":"https:\/\/www.museuhistoricosl.com.br\/loja\/produto\/sl089-fd-0015\/"},"modified":"2022-01-27T13:12:52","modified_gmt":"2022-01-27T16:12:52","slug":"sl089-fd-0015","status":"publish","type":"product","link":"https:\/\/www.museuhistoricosl.com.br\/loja\/produto\/sl089-fd-0015\/","title":{"rendered":"SL089-FD-0015"},"content":{"rendered":"<p>25\u00ba anivers\u00e1rio do Grupo de Bol\u00e3o U9 na Sociedade Gin\u00e1stica de S\u00e3o Leopoldo, 1940. Sentados, da esquerda para a direita: Waldemar Lindemeyer, Jo\u00e3o Hofmann, Antonio Campani, Carlos Bier, Frederico Bier, Carlos Novatzky, Edwino Jacobus, Richard Schulze.2\u00aa fila: Antonio Hoefel, Leopoldo M\u00fcller, Bruno Kuschick, Urbano Rippel, Frederico Adolfo M\u00fcller, Carlos Feldens, Arnaldo Feldmann, Nestor Guilherme Bier, Ab\u00edlio Mello, Henrique Bento Alves.3\u00aa fila: Ervino Weinmann, Atilio weber, Guilherme Fick, Lucas Linck, Carlos Trist\u00e3o Bier.  &#8211; C\u00f3digo anterior de cat\u00e1logo:FD 89-15; Sociedade Gin\u00e1stica &#8211; S\u00e3o Leopoldo; <\/p>\n","protected":false},"excerpt":{"rendered":"<p>25\u00ba anivers\u00e1rio do Grupo de Bol\u00e3o U9 na Sociedade Gin\u00e1stica de S\u00e3o Leopoldo, 1940. Sentados, da esquerda para a direita:<\/p>\n","protected":false},"featured_media":57062,"comment_status":"open","ping_status":"closed","template":"","meta":{"_acf_changed":false},"product_cat":[121],"product_tag":[],"class_list":["post-57063","product","type-product","status-publish","has-post-thumbnail","hentry","product_cat-sociedade-ginastica-sao-leopoldo"],"acf":[],"_links":{"self":[{"href":"https:\/\/www.museuhistoricosl.com.br\/loja\/wp-json\/wp\/v2\/product\/57063","targetHints":{"allow":["GET"]}}],"collection":[{"href":"https:\/\/www.museuhistoricosl.com.br\/loja\/wp-json\/wp\/v2\/product"}],"about":[{"href":"https:\/\/www.museuhistoricosl.com.br\/loja\/wp-json\/wp\/v2\/types\/product"}],"replies":[{"embeddable":true,"href":"https:\/\/www.museuhistoricosl.com.br\/loja\/wp-json\/wp\/v2\/comments?post=57063"}],"wp:featuredmedia":[{"embeddable":true,"href":"https:\/\/www.museuhistoricosl.com.br\/loja\/wp-json\/wp\/v2\/media\/57062"}],"wp:attachment":[{"href":"https:\/\/www.museuhistoricosl.com.br\/loja\/wp-json\/wp\/v2\/media?parent=57063"}],"wp:term":[{"taxonomy":"product_cat","embeddable":true,"href":"https:\/\/www.museuhistoricosl.com.br\/loja\/wp-json\/wp\/v2\/product_cat?post=57063"},{"taxonomy":"product_tag","embeddable":true,"href":"https:\/\/www.museuhistoricosl.com.br\/loja\/wp-json\/wp\/v2\/product_tag?post=57063"}],"curies":[{"name":"wp","href":"https:\/\/api.w.org\/{rel}","templated":true}]}}