{"id":57057,"date":"2022-01-27T13:12:49","date_gmt":"2022-01-27T16:12:49","guid":{"rendered":"https:\/\/www.museuhistoricosl.com.br\/loja\/produto\/sl089-fd-0012\/"},"modified":"2022-01-27T13:12:49","modified_gmt":"2022-01-27T16:12:49","slug":"sl089-fd-0012","status":"publish","type":"product","link":"https:\/\/www.museuhistoricosl.com.br\/loja\/produto\/sl089-fd-0012\/","title":{"rendered":"SL089-FD-0012"},"content":{"rendered":"<p>Primeira diretoria da Sociedade Gin\u00e1stica de S\u00e3o Leopoldo, fundada em 1885. &#8211; C\u00f3digo anterior de cat\u00e1logo:FD 89-12; Sociedade Gin\u00e1stica &#8211; S\u00e3o Leopoldo; <\/p>\n","protected":false},"excerpt":{"rendered":"<p>Primeira diretoria da Sociedade Gin\u00e1stica de S\u00e3o Leopoldo, fundada em 1885. &#8211; C\u00f3digo anterior de cat\u00e1logo:FD 89-12; Sociedade Gin\u00e1stica &#8211;<\/p>\n","protected":false},"featured_media":57056,"comment_status":"open","ping_status":"closed","template":"","meta":{"_acf_changed":false},"product_cat":[121],"product_tag":[],"class_list":["post-57057","product","type-product","status-publish","has-post-thumbnail","hentry","product_cat-sociedade-ginastica-sao-leopoldo"],"acf":[],"_links":{"self":[{"href":"https:\/\/www.museuhistoricosl.com.br\/loja\/wp-json\/wp\/v2\/product\/57057","targetHints":{"allow":["GET"]}}],"collection":[{"href":"https:\/\/www.museuhistoricosl.com.br\/loja\/wp-json\/wp\/v2\/product"}],"about":[{"href":"https:\/\/www.museuhistoricosl.com.br\/loja\/wp-json\/wp\/v2\/types\/product"}],"replies":[{"embeddable":true,"href":"https:\/\/www.museuhistoricosl.com.br\/loja\/wp-json\/wp\/v2\/comments?post=57057"}],"wp:featuredmedia":[{"embeddable":true,"href":"https:\/\/www.museuhistoricosl.com.br\/loja\/wp-json\/wp\/v2\/media\/57056"}],"wp:attachment":[{"href":"https:\/\/www.museuhistoricosl.com.br\/loja\/wp-json\/wp\/v2\/media?parent=57057"}],"wp:term":[{"taxonomy":"product_cat","embeddable":true,"href":"https:\/\/www.museuhistoricosl.com.br\/loja\/wp-json\/wp\/v2\/product_cat?post=57057"},{"taxonomy":"product_tag","embeddable":true,"href":"https:\/\/www.museuhistoricosl.com.br\/loja\/wp-json\/wp\/v2\/product_tag?post=57057"}],"curies":[{"name":"wp","href":"https:\/\/api.w.org\/{rel}","templated":true}]}}