{"id":57049,"date":"2022-01-27T13:12:44","date_gmt":"2022-01-27T16:12:44","guid":{"rendered":"https:\/\/www.museuhistoricosl.com.br\/loja\/produto\/sl089-fd-0005\/"},"modified":"2022-01-27T13:12:44","modified_gmt":"2022-01-27T16:12:44","slug":"sl089-fd-0005","status":"publish","type":"product","link":"https:\/\/www.museuhistoricosl.com.br\/loja\/produto\/sl089-fd-0005\/","title":{"rendered":"SL089-FD-0005"},"content":{"rendered":"<p>2\u00aa fileira, 2\u00aa garota: Hardy Kruse. 3\u00aa fileira, 1\u00ba menino: &#8230; Hechel, Prof. Seemich. Doa\u00e7\u00e3o de Ana Leniem. &#8211; C\u00f3digo anterior de cat\u00e1logo:FD 89,5; Sociedade Gin\u00e1stica &#8211; S\u00e3o Leopoldo; <\/p>\n","protected":false},"excerpt":{"rendered":"<p>2\u00aa fileira, 2\u00aa garota: Hardy Kruse. 3\u00aa fileira, 1\u00ba menino: &#8230; Hechel, Prof. Seemich. Doa\u00e7\u00e3o de Ana Leniem. &#8211; C\u00f3digo<\/p>\n","protected":false},"featured_media":57048,"comment_status":"open","ping_status":"closed","template":"","meta":{"_acf_changed":false},"product_cat":[121],"product_tag":[],"class_list":["post-57049","product","type-product","status-publish","has-post-thumbnail","hentry","product_cat-sociedade-ginastica-sao-leopoldo"],"acf":[],"_links":{"self":[{"href":"https:\/\/www.museuhistoricosl.com.br\/loja\/wp-json\/wp\/v2\/product\/57049","targetHints":{"allow":["GET"]}}],"collection":[{"href":"https:\/\/www.museuhistoricosl.com.br\/loja\/wp-json\/wp\/v2\/product"}],"about":[{"href":"https:\/\/www.museuhistoricosl.com.br\/loja\/wp-json\/wp\/v2\/types\/product"}],"replies":[{"embeddable":true,"href":"https:\/\/www.museuhistoricosl.com.br\/loja\/wp-json\/wp\/v2\/comments?post=57049"}],"wp:featuredmedia":[{"embeddable":true,"href":"https:\/\/www.museuhistoricosl.com.br\/loja\/wp-json\/wp\/v2\/media\/57048"}],"wp:attachment":[{"href":"https:\/\/www.museuhistoricosl.com.br\/loja\/wp-json\/wp\/v2\/media?parent=57049"}],"wp:term":[{"taxonomy":"product_cat","embeddable":true,"href":"https:\/\/www.museuhistoricosl.com.br\/loja\/wp-json\/wp\/v2\/product_cat?post=57049"},{"taxonomy":"product_tag","embeddable":true,"href":"https:\/\/www.museuhistoricosl.com.br\/loja\/wp-json\/wp\/v2\/product_tag?post=57049"}],"curies":[{"name":"wp","href":"https:\/\/api.w.org\/{rel}","templated":true}]}}