{"id":57037,"date":"2022-01-27T12:00:28","date_gmt":"2022-01-27T15:00:28","guid":{"rendered":"https:\/\/www.museuhistoricosl.com.br\/loja\/produto\/sl091-fd-1028\/"},"modified":"2022-01-27T12:00:28","modified_gmt":"2022-01-27T15:00:28","slug":"sl091-fd-1028","status":"publish","type":"product","link":"https:\/\/www.museuhistoricosl.com.br\/loja\/produto\/sl091-fd-1028\/","title":{"rendered":"SL091-FD-1028"},"content":{"rendered":"<p>Deutscher Turnverein (Sociedade Gin\u00e1stica Alem\u00e3) de S\u00e3o Sebasti\u00e3o do Ca\u00ed. Siegerreiche Gruppe in Porto Alegre, 1906 (Grupo vencedor em Porto Alegre, 1906). Da esquerda para a direita: Eduard Kusminsky; Anton Jacob Renner (A. J. Renner); Oswaldo Zimmermann; Joseph Backes. &#8211; C\u00f3digo anterior de cat\u00e1logo:FD 91-28a; Sociedade Gin\u00e1stica &#8211; Arquivo Kusminski; <\/p>\n","protected":false},"excerpt":{"rendered":"<p>Deutscher Turnverein (Sociedade Gin\u00e1stica Alem\u00e3) de S\u00e3o Sebasti\u00e3o do Ca\u00ed. Siegerreiche Gruppe in Porto Alegre, 1906 (Grupo vencedor em Porto<\/p>\n","protected":false},"featured_media":57036,"comment_status":"open","ping_status":"closed","template":"","meta":{"_acf_changed":false},"product_cat":[120],"product_tag":[],"class_list":["post-57037","product","type-product","status-publish","has-post-thumbnail","hentry","product_cat-sociedade-ginastica-arquivo-kusminski"],"acf":[],"_links":{"self":[{"href":"https:\/\/www.museuhistoricosl.com.br\/loja\/wp-json\/wp\/v2\/product\/57037","targetHints":{"allow":["GET"]}}],"collection":[{"href":"https:\/\/www.museuhistoricosl.com.br\/loja\/wp-json\/wp\/v2\/product"}],"about":[{"href":"https:\/\/www.museuhistoricosl.com.br\/loja\/wp-json\/wp\/v2\/types\/product"}],"replies":[{"embeddable":true,"href":"https:\/\/www.museuhistoricosl.com.br\/loja\/wp-json\/wp\/v2\/comments?post=57037"}],"wp:featuredmedia":[{"embeddable":true,"href":"https:\/\/www.museuhistoricosl.com.br\/loja\/wp-json\/wp\/v2\/media\/57036"}],"wp:attachment":[{"href":"https:\/\/www.museuhistoricosl.com.br\/loja\/wp-json\/wp\/v2\/media?parent=57037"}],"wp:term":[{"taxonomy":"product_cat","embeddable":true,"href":"https:\/\/www.museuhistoricosl.com.br\/loja\/wp-json\/wp\/v2\/product_cat?post=57037"},{"taxonomy":"product_tag","embeddable":true,"href":"https:\/\/www.museuhistoricosl.com.br\/loja\/wp-json\/wp\/v2\/product_tag?post=57037"}],"curies":[{"name":"wp","href":"https:\/\/api.w.org\/{rel}","templated":true}]}}