{"id":57021,"date":"2022-01-27T12:00:07","date_gmt":"2022-01-27T15:00:07","guid":{"rendered":"https:\/\/www.museuhistoricosl.com.br\/loja\/produto\/sl091-fd-0024\/"},"modified":"2022-01-27T12:00:07","modified_gmt":"2022-01-27T15:00:07","slug":"sl091-fd-0024","status":"publish","type":"product","link":"https:\/\/www.museuhistoricosl.com.br\/loja\/produto\/sl091-fd-0024\/","title":{"rendered":"SL091-FD-0024"},"content":{"rendered":"<p>Die Partnerschaft des Turnerbundes (A parceria da Federa\u00e7\u00e3o de Gin\u00e1stica), Porto Alegre, 1929\/1930 (aproximadamente). Bem a direita: Ana Rotermund Fausel.  &#8211; C\u00f3digo anterior de cat\u00e1logo:FD 91-24; Sociedade Gin\u00e1stica &#8211; Arquivo Kusminski; <\/p>\n","protected":false},"excerpt":{"rendered":"<p>Die Partnerschaft des Turnerbundes (A parceria da Federa\u00e7\u00e3o de Gin\u00e1stica), Porto Alegre, 1929\/1930 (aproximadamente). Bem a direita: Ana Rotermund Fausel.<\/p>\n","protected":false},"featured_media":57020,"comment_status":"open","ping_status":"closed","template":"","meta":{"_acf_changed":false},"product_cat":[120],"product_tag":[],"class_list":["post-57021","product","type-product","status-publish","has-post-thumbnail","hentry","product_cat-sociedade-ginastica-arquivo-kusminski"],"acf":[],"_links":{"self":[{"href":"https:\/\/www.museuhistoricosl.com.br\/loja\/wp-json\/wp\/v2\/product\/57021","targetHints":{"allow":["GET"]}}],"collection":[{"href":"https:\/\/www.museuhistoricosl.com.br\/loja\/wp-json\/wp\/v2\/product"}],"about":[{"href":"https:\/\/www.museuhistoricosl.com.br\/loja\/wp-json\/wp\/v2\/types\/product"}],"replies":[{"embeddable":true,"href":"https:\/\/www.museuhistoricosl.com.br\/loja\/wp-json\/wp\/v2\/comments?post=57021"}],"wp:featuredmedia":[{"embeddable":true,"href":"https:\/\/www.museuhistoricosl.com.br\/loja\/wp-json\/wp\/v2\/media\/57020"}],"wp:attachment":[{"href":"https:\/\/www.museuhistoricosl.com.br\/loja\/wp-json\/wp\/v2\/media?parent=57021"}],"wp:term":[{"taxonomy":"product_cat","embeddable":true,"href":"https:\/\/www.museuhistoricosl.com.br\/loja\/wp-json\/wp\/v2\/product_cat?post=57021"},{"taxonomy":"product_tag","embeddable":true,"href":"https:\/\/www.museuhistoricosl.com.br\/loja\/wp-json\/wp\/v2\/product_tag?post=57021"}],"curies":[{"name":"wp","href":"https:\/\/api.w.org\/{rel}","templated":true}]}}