{"id":57013,"date":"2022-01-27T11:59:54","date_gmt":"2022-01-27T14:59:54","guid":{"rendered":"https:\/\/www.museuhistoricosl.com.br\/loja\/produto\/sl091-fd-0020\/"},"modified":"2022-01-27T11:59:54","modified_gmt":"2022-01-27T14:59:54","slug":"sl091-fd-0020","status":"publish","type":"product","link":"https:\/\/www.museuhistoricosl.com.br\/loja\/produto\/sl091-fd-0020\/","title":{"rendered":"SL091-FD-0020"},"content":{"rendered":"<p>Pr\u00e9dio do atual Clube Alian\u00e7a (que encontra-se desativado), de S\u00e3o Sebasti\u00e3o do Ca\u00ed, reconstru\u00eddo ap\u00f3s inc\u00eandio, em 1927. O inc\u00eandio ocorreu em setembro de 1918. O construtor foi o arquiteto alem\u00e3o Ernst Seubert, que residiu em Novo Hamburgo. &#8211; C\u00f3digo anterior de cat\u00e1logo:FD 91-20; Sociedade Gin\u00e1stica &#8211; Arquivo Kusminski; <\/p>\n","protected":false},"excerpt":{"rendered":"<p>Pr\u00e9dio do atual Clube Alian\u00e7a (que encontra-se desativado), de S\u00e3o Sebasti\u00e3o do Ca\u00ed, reconstru\u00eddo ap\u00f3s inc\u00eandio, em 1927. O inc\u00eandio<\/p>\n","protected":false},"featured_media":57012,"comment_status":"open","ping_status":"closed","template":"","meta":{"_acf_changed":false},"product_cat":[120],"product_tag":[],"class_list":["post-57013","product","type-product","status-publish","has-post-thumbnail","hentry","product_cat-sociedade-ginastica-arquivo-kusminski"],"acf":[],"_links":{"self":[{"href":"https:\/\/www.museuhistoricosl.com.br\/loja\/wp-json\/wp\/v2\/product\/57013","targetHints":{"allow":["GET"]}}],"collection":[{"href":"https:\/\/www.museuhistoricosl.com.br\/loja\/wp-json\/wp\/v2\/product"}],"about":[{"href":"https:\/\/www.museuhistoricosl.com.br\/loja\/wp-json\/wp\/v2\/types\/product"}],"replies":[{"embeddable":true,"href":"https:\/\/www.museuhistoricosl.com.br\/loja\/wp-json\/wp\/v2\/comments?post=57013"}],"wp:featuredmedia":[{"embeddable":true,"href":"https:\/\/www.museuhistoricosl.com.br\/loja\/wp-json\/wp\/v2\/media\/57012"}],"wp:attachment":[{"href":"https:\/\/www.museuhistoricosl.com.br\/loja\/wp-json\/wp\/v2\/media?parent=57013"}],"wp:term":[{"taxonomy":"product_cat","embeddable":true,"href":"https:\/\/www.museuhistoricosl.com.br\/loja\/wp-json\/wp\/v2\/product_cat?post=57013"},{"taxonomy":"product_tag","embeddable":true,"href":"https:\/\/www.museuhistoricosl.com.br\/loja\/wp-json\/wp\/v2\/product_tag?post=57013"}],"curies":[{"name":"wp","href":"https:\/\/api.w.org\/{rel}","templated":true}]}}