{"id":57007,"date":"2022-01-27T11:59:48","date_gmt":"2022-01-27T14:59:48","guid":{"rendered":"https:\/\/www.museuhistoricosl.com.br\/loja\/produto\/sl091-fd-0017\/"},"modified":"2022-01-27T11:59:48","modified_gmt":"2022-01-27T14:59:48","slug":"sl091-fd-0017","status":"publish","type":"product","link":"https:\/\/www.museuhistoricosl.com.br\/loja\/produto\/sl091-fd-0017\/","title":{"rendered":"SL091-FD-0017"},"content":{"rendered":"<p>Deutscher Turnverein (Sociedade Gin\u00e1stica Alem\u00e3) de S\u00e3o Sebasti\u00e3o do Ca\u00ed. Pyramiden der M\u00e4nnergruppe (pir\u00e2mide de grupo de homens).  &#8211; C\u00f3digo anterior de cat\u00e1logo:FD 91-17; Sociedade Gin\u00e1stica &#8211; Arquivo Kusminski; <\/p>\n","protected":false},"excerpt":{"rendered":"<p>Deutscher Turnverein (Sociedade Gin\u00e1stica Alem\u00e3) de S\u00e3o Sebasti\u00e3o do Ca\u00ed. Pyramiden der M\u00e4nnergruppe (pir\u00e2mide de grupo de homens). &#8211; C\u00f3digo<\/p>\n","protected":false},"featured_media":57006,"comment_status":"open","ping_status":"closed","template":"","meta":{"_acf_changed":false},"product_cat":[120],"product_tag":[],"class_list":["post-57007","product","type-product","status-publish","has-post-thumbnail","hentry","product_cat-sociedade-ginastica-arquivo-kusminski"],"acf":[],"_links":{"self":[{"href":"https:\/\/www.museuhistoricosl.com.br\/loja\/wp-json\/wp\/v2\/product\/57007","targetHints":{"allow":["GET"]}}],"collection":[{"href":"https:\/\/www.museuhistoricosl.com.br\/loja\/wp-json\/wp\/v2\/product"}],"about":[{"href":"https:\/\/www.museuhistoricosl.com.br\/loja\/wp-json\/wp\/v2\/types\/product"}],"replies":[{"embeddable":true,"href":"https:\/\/www.museuhistoricosl.com.br\/loja\/wp-json\/wp\/v2\/comments?post=57007"}],"wp:featuredmedia":[{"embeddable":true,"href":"https:\/\/www.museuhistoricosl.com.br\/loja\/wp-json\/wp\/v2\/media\/57006"}],"wp:attachment":[{"href":"https:\/\/www.museuhistoricosl.com.br\/loja\/wp-json\/wp\/v2\/media?parent=57007"}],"wp:term":[{"taxonomy":"product_cat","embeddable":true,"href":"https:\/\/www.museuhistoricosl.com.br\/loja\/wp-json\/wp\/v2\/product_cat?post=57007"},{"taxonomy":"product_tag","embeddable":true,"href":"https:\/\/www.museuhistoricosl.com.br\/loja\/wp-json\/wp\/v2\/product_tag?post=57007"}],"curies":[{"name":"wp","href":"https:\/\/api.w.org\/{rel}","templated":true}]}}