{"id":57001,"date":"2022-01-27T11:59:44","date_gmt":"2022-01-27T14:59:44","guid":{"rendered":"https:\/\/www.museuhistoricosl.com.br\/loja\/produto\/sl091-fd-0014\/"},"modified":"2022-01-27T11:59:44","modified_gmt":"2022-01-27T14:59:44","slug":"sl091-fd-0014","status":"publish","type":"product","link":"https:\/\/www.museuhistoricosl.com.br\/loja\/produto\/sl091-fd-0014\/","title":{"rendered":"SL091-FD-0014"},"content":{"rendered":"<p>Fotos relacionadas ao Deutscher Turnverein (Sociedade Gin\u00e1stica Alem\u00e3) de S\u00e3o Sebasti\u00e3o do Ca\u00ed. &#8211; C\u00f3digo anterior de cat\u00e1logo:FD 91-14; Sociedade Gin\u00e1stica &#8211; Arquivo Kusminski; <\/p>\n","protected":false},"excerpt":{"rendered":"<p>Fotos relacionadas ao Deutscher Turnverein (Sociedade Gin\u00e1stica Alem\u00e3) de S\u00e3o Sebasti\u00e3o do Ca\u00ed. &#8211; C\u00f3digo anterior de cat\u00e1logo:FD 91-14; Sociedade<\/p>\n","protected":false},"featured_media":57000,"comment_status":"open","ping_status":"closed","template":"","meta":{"_acf_changed":false},"product_cat":[120],"product_tag":[],"class_list":["post-57001","product","type-product","status-publish","has-post-thumbnail","hentry","product_cat-sociedade-ginastica-arquivo-kusminski"],"acf":[],"_links":{"self":[{"href":"https:\/\/www.museuhistoricosl.com.br\/loja\/wp-json\/wp\/v2\/product\/57001","targetHints":{"allow":["GET"]}}],"collection":[{"href":"https:\/\/www.museuhistoricosl.com.br\/loja\/wp-json\/wp\/v2\/product"}],"about":[{"href":"https:\/\/www.museuhistoricosl.com.br\/loja\/wp-json\/wp\/v2\/types\/product"}],"replies":[{"embeddable":true,"href":"https:\/\/www.museuhistoricosl.com.br\/loja\/wp-json\/wp\/v2\/comments?post=57001"}],"wp:featuredmedia":[{"embeddable":true,"href":"https:\/\/www.museuhistoricosl.com.br\/loja\/wp-json\/wp\/v2\/media\/57000"}],"wp:attachment":[{"href":"https:\/\/www.museuhistoricosl.com.br\/loja\/wp-json\/wp\/v2\/media?parent=57001"}],"wp:term":[{"taxonomy":"product_cat","embeddable":true,"href":"https:\/\/www.museuhistoricosl.com.br\/loja\/wp-json\/wp\/v2\/product_cat?post=57001"},{"taxonomy":"product_tag","embeddable":true,"href":"https:\/\/www.museuhistoricosl.com.br\/loja\/wp-json\/wp\/v2\/product_tag?post=57001"}],"curies":[{"name":"wp","href":"https:\/\/api.w.org\/{rel}","templated":true}]}}