{"id":56757,"date":"2022-01-27T11:56:53","date_gmt":"2022-01-27T14:56:53","guid":{"rendered":"https:\/\/www.museuhistoricosl.com.br\/loja\/produto\/sl090-fd-0016\/"},"modified":"2022-01-27T11:56:53","modified_gmt":"2022-01-27T14:56:53","slug":"sl090-fd-0016","status":"publish","type":"product","link":"https:\/\/www.museuhistoricosl.com.br\/loja\/produto\/sl090-fd-0016\/","title":{"rendered":"SL090-FD-0016"},"content":{"rendered":"<p>Turnverein (Sociedade Gin\u00e1stica) de S\u00e3o Sebasti\u00e3o do Ca\u00ed. &#8211; C\u00f3digo anterior de cat\u00e1logo:FD 90-16; Sociedade Gin\u00e1stica &#8211; Arquivo Kusminski; <\/p>\n","protected":false},"excerpt":{"rendered":"<p>Turnverein (Sociedade Gin\u00e1stica) de S\u00e3o Sebasti\u00e3o do Ca\u00ed. &#8211; C\u00f3digo anterior de cat\u00e1logo:FD 90-16; Sociedade Gin\u00e1stica &#8211; Arquivo Kusminski;<\/p>\n","protected":false},"featured_media":56756,"comment_status":"open","ping_status":"closed","template":"","meta":{"_acf_changed":false},"product_cat":[120],"product_tag":[],"class_list":["post-56757","product","type-product","status-publish","has-post-thumbnail","hentry","product_cat-sociedade-ginastica-arquivo-kusminski"],"acf":[],"_links":{"self":[{"href":"https:\/\/www.museuhistoricosl.com.br\/loja\/wp-json\/wp\/v2\/product\/56757","targetHints":{"allow":["GET"]}}],"collection":[{"href":"https:\/\/www.museuhistoricosl.com.br\/loja\/wp-json\/wp\/v2\/product"}],"about":[{"href":"https:\/\/www.museuhistoricosl.com.br\/loja\/wp-json\/wp\/v2\/types\/product"}],"replies":[{"embeddable":true,"href":"https:\/\/www.museuhistoricosl.com.br\/loja\/wp-json\/wp\/v2\/comments?post=56757"}],"wp:featuredmedia":[{"embeddable":true,"href":"https:\/\/www.museuhistoricosl.com.br\/loja\/wp-json\/wp\/v2\/media\/56756"}],"wp:attachment":[{"href":"https:\/\/www.museuhistoricosl.com.br\/loja\/wp-json\/wp\/v2\/media?parent=56757"}],"wp:term":[{"taxonomy":"product_cat","embeddable":true,"href":"https:\/\/www.museuhistoricosl.com.br\/loja\/wp-json\/wp\/v2\/product_cat?post=56757"},{"taxonomy":"product_tag","embeddable":true,"href":"https:\/\/www.museuhistoricosl.com.br\/loja\/wp-json\/wp\/v2\/product_tag?post=56757"}],"curies":[{"name":"wp","href":"https:\/\/api.w.org\/{rel}","templated":true}]}}