{"id":56733,"date":"2022-01-27T11:56:39","date_gmt":"2022-01-27T14:56:39","guid":{"rendered":"https:\/\/www.museuhistoricosl.com.br\/loja\/produto\/sl090-fd-0004\/"},"modified":"2022-01-27T11:56:39","modified_gmt":"2022-01-27T14:56:39","slug":"sl090-fd-0004","status":"publish","type":"product","link":"https:\/\/www.museuhistoricosl.com.br\/loja\/produto\/sl090-fd-0004\/","title":{"rendered":"SL090-FD-0004"},"content":{"rendered":"<p>Schuhplattler &#8211; Tanz des Turnvereins Ca\u00ed (Grupo de Sapateado &#8211; Dan\u00e7a da Sociedade Gin\u00e1stica do Ca\u00ed) &#8211; S\u00e3o Sebasti\u00e3o do Ca\u00ed. &#8211; C\u00f3digo anterior de cat\u00e1logo:FD 90-4; Sociedade Gin\u00e1stica &#8211; Arquivo Kusminski; <\/p>\n","protected":false},"excerpt":{"rendered":"<p>Schuhplattler &#8211; Tanz des Turnvereins Ca\u00ed (Grupo de Sapateado &#8211; Dan\u00e7a da Sociedade Gin\u00e1stica do Ca\u00ed) &#8211; S\u00e3o Sebasti\u00e3o do<\/p>\n","protected":false},"featured_media":56732,"comment_status":"open","ping_status":"closed","template":"","meta":{"_acf_changed":false},"product_cat":[120],"product_tag":[],"class_list":["post-56733","product","type-product","status-publish","has-post-thumbnail","hentry","product_cat-sociedade-ginastica-arquivo-kusminski"],"acf":[],"_links":{"self":[{"href":"https:\/\/www.museuhistoricosl.com.br\/loja\/wp-json\/wp\/v2\/product\/56733","targetHints":{"allow":["GET"]}}],"collection":[{"href":"https:\/\/www.museuhistoricosl.com.br\/loja\/wp-json\/wp\/v2\/product"}],"about":[{"href":"https:\/\/www.museuhistoricosl.com.br\/loja\/wp-json\/wp\/v2\/types\/product"}],"replies":[{"embeddable":true,"href":"https:\/\/www.museuhistoricosl.com.br\/loja\/wp-json\/wp\/v2\/comments?post=56733"}],"wp:featuredmedia":[{"embeddable":true,"href":"https:\/\/www.museuhistoricosl.com.br\/loja\/wp-json\/wp\/v2\/media\/56732"}],"wp:attachment":[{"href":"https:\/\/www.museuhistoricosl.com.br\/loja\/wp-json\/wp\/v2\/media?parent=56733"}],"wp:term":[{"taxonomy":"product_cat","embeddable":true,"href":"https:\/\/www.museuhistoricosl.com.br\/loja\/wp-json\/wp\/v2\/product_cat?post=56733"},{"taxonomy":"product_tag","embeddable":true,"href":"https:\/\/www.museuhistoricosl.com.br\/loja\/wp-json\/wp\/v2\/product_tag?post=56733"}],"curies":[{"name":"wp","href":"https:\/\/api.w.org\/{rel}","templated":true}]}}