{"id":56680,"date":"2022-01-26T16:15:02","date_gmt":"2022-01-26T19:15:02","guid":{"rendered":"https:\/\/www.museuhistoricosl.com.br\/loja\/produto\/sl087-fd-0045\/"},"modified":"2022-01-26T16:15:02","modified_gmt":"2022-01-26T19:15:02","slug":"sl087-fd-0045","status":"publish","type":"product","link":"https:\/\/www.museuhistoricosl.com.br\/loja\/produto\/sl087-fd-0045\/","title":{"rendered":"SL087-FD-0045"},"content":{"rendered":"<p>1\u00ba Simp\u00f3sio de Hist\u00f3ria da Imigr.. E colon. Alem\u00e3 no RSG &#8211; 1974 &#8211; C\u00f3digo anterior de cat\u00e1logo:FD 87,45; Sesquicenten\u00e1rio da Imigra\u00e7\u00e3o Alem\u00e3 (1974); <\/p>\n","protected":false},"excerpt":{"rendered":"<p>1\u00ba Simp\u00f3sio de Hist\u00f3ria da Imigr.. E colon. Alem\u00e3 no RSG &#8211; 1974 &#8211; C\u00f3digo anterior de cat\u00e1logo:FD 87,45; Sesquicenten\u00e1rio<\/p>\n","protected":false},"featured_media":56679,"comment_status":"open","ping_status":"closed","template":"","meta":{"_acf_changed":false},"product_cat":[119],"product_tag":[],"class_list":["post-56680","product","type-product","status-publish","has-post-thumbnail","hentry","product_cat-sesquicentenario-da-imigracao-alema-1974"],"acf":[],"_links":{"self":[{"href":"https:\/\/www.museuhistoricosl.com.br\/loja\/wp-json\/wp\/v2\/product\/56680","targetHints":{"allow":["GET"]}}],"collection":[{"href":"https:\/\/www.museuhistoricosl.com.br\/loja\/wp-json\/wp\/v2\/product"}],"about":[{"href":"https:\/\/www.museuhistoricosl.com.br\/loja\/wp-json\/wp\/v2\/types\/product"}],"replies":[{"embeddable":true,"href":"https:\/\/www.museuhistoricosl.com.br\/loja\/wp-json\/wp\/v2\/comments?post=56680"}],"wp:featuredmedia":[{"embeddable":true,"href":"https:\/\/www.museuhistoricosl.com.br\/loja\/wp-json\/wp\/v2\/media\/56679"}],"wp:attachment":[{"href":"https:\/\/www.museuhistoricosl.com.br\/loja\/wp-json\/wp\/v2\/media?parent=56680"}],"wp:term":[{"taxonomy":"product_cat","embeddable":true,"href":"https:\/\/www.museuhistoricosl.com.br\/loja\/wp-json\/wp\/v2\/product_cat?post=56680"},{"taxonomy":"product_tag","embeddable":true,"href":"https:\/\/www.museuhistoricosl.com.br\/loja\/wp-json\/wp\/v2\/product_tag?post=56680"}],"curies":[{"name":"wp","href":"https:\/\/api.w.org\/{rel}","templated":true}]}}