{"id":56672,"date":"2022-01-26T16:14:57","date_gmt":"2022-01-26T19:14:57","guid":{"rendered":"https:\/\/www.museuhistoricosl.com.br\/loja\/produto\/sl087-fd-0041\/"},"modified":"2022-01-26T16:14:57","modified_gmt":"2022-01-26T19:14:57","slug":"sl087-fd-0041","status":"publish","type":"product","link":"https:\/\/www.museuhistoricosl.com.br\/loja\/produto\/sl087-fd-0041\/","title":{"rendered":"SL087-FD-0041"},"content":{"rendered":"<p>R\u00e9plica da chegada os imigrantes. &#8212; Homem: Prof. Vitor Becker &#8212; Mulher, \u00e0 direita: Prof. \u00aa Teresinha Grath &#8211; C\u00f3digo anterior de cat\u00e1logo:FD 87,41; Sesquicenten\u00e1rio da Imigra\u00e7\u00e3o Alem\u00e3 (1974); <\/p>\n","protected":false},"excerpt":{"rendered":"<p>R\u00e9plica da chegada os imigrantes. &#8212; Homem: Prof. Vitor Becker &#8212; Mulher, \u00e0 direita: Prof. \u00aa Teresinha Grath &#8211; C\u00f3digo<\/p>\n","protected":false},"featured_media":56671,"comment_status":"open","ping_status":"closed","template":"","meta":{"_acf_changed":false},"product_cat":[119],"product_tag":[],"class_list":["post-56672","product","type-product","status-publish","has-post-thumbnail","hentry","product_cat-sesquicentenario-da-imigracao-alema-1974"],"acf":[],"_links":{"self":[{"href":"https:\/\/www.museuhistoricosl.com.br\/loja\/wp-json\/wp\/v2\/product\/56672","targetHints":{"allow":["GET"]}}],"collection":[{"href":"https:\/\/www.museuhistoricosl.com.br\/loja\/wp-json\/wp\/v2\/product"}],"about":[{"href":"https:\/\/www.museuhistoricosl.com.br\/loja\/wp-json\/wp\/v2\/types\/product"}],"replies":[{"embeddable":true,"href":"https:\/\/www.museuhistoricosl.com.br\/loja\/wp-json\/wp\/v2\/comments?post=56672"}],"wp:featuredmedia":[{"embeddable":true,"href":"https:\/\/www.museuhistoricosl.com.br\/loja\/wp-json\/wp\/v2\/media\/56671"}],"wp:attachment":[{"href":"https:\/\/www.museuhistoricosl.com.br\/loja\/wp-json\/wp\/v2\/media?parent=56672"}],"wp:term":[{"taxonomy":"product_cat","embeddable":true,"href":"https:\/\/www.museuhistoricosl.com.br\/loja\/wp-json\/wp\/v2\/product_cat?post=56672"},{"taxonomy":"product_tag","embeddable":true,"href":"https:\/\/www.museuhistoricosl.com.br\/loja\/wp-json\/wp\/v2\/product_tag?post=56672"}],"curies":[{"name":"wp","href":"https:\/\/api.w.org\/{rel}","templated":true}]}}