{"id":56525,"date":"2022-01-26T16:09:35","date_gmt":"2022-01-26T19:09:35","guid":{"rendered":"https:\/\/www.museuhistoricosl.com.br\/loja\/produto\/rs050-fd-1151\/"},"modified":"2022-01-26T16:09:35","modified_gmt":"2022-01-26T19:09:35","slug":"rs050-fd-1151","status":"publish","type":"product","link":"https:\/\/www.museuhistoricosl.com.br\/loja\/produto\/rs050-fd-1151\/","title":{"rendered":"RS050-FD-1151"},"content":{"rendered":"<p>Ilumina\u00e7\u00e3o P\u00fablica; Sapucaia do Sul; <\/p>\n","protected":false},"excerpt":{"rendered":"<p>Ilumina\u00e7\u00e3o P\u00fablica; Sapucaia do Sul;<\/p>\n","protected":false},"featured_media":56524,"comment_status":"open","ping_status":"closed","template":"","meta":{"_acf_changed":false},"product_cat":[118],"product_tag":[],"class_list":["post-56525","product","type-product","status-publish","has-post-thumbnail","hentry","product_cat-sapucaia-do-sul"],"acf":[],"_links":{"self":[{"href":"https:\/\/www.museuhistoricosl.com.br\/loja\/wp-json\/wp\/v2\/product\/56525","targetHints":{"allow":["GET"]}}],"collection":[{"href":"https:\/\/www.museuhistoricosl.com.br\/loja\/wp-json\/wp\/v2\/product"}],"about":[{"href":"https:\/\/www.museuhistoricosl.com.br\/loja\/wp-json\/wp\/v2\/types\/product"}],"replies":[{"embeddable":true,"href":"https:\/\/www.museuhistoricosl.com.br\/loja\/wp-json\/wp\/v2\/comments?post=56525"}],"wp:featuredmedia":[{"embeddable":true,"href":"https:\/\/www.museuhistoricosl.com.br\/loja\/wp-json\/wp\/v2\/media\/56524"}],"wp:attachment":[{"href":"https:\/\/www.museuhistoricosl.com.br\/loja\/wp-json\/wp\/v2\/media?parent=56525"}],"wp:term":[{"taxonomy":"product_cat","embeddable":true,"href":"https:\/\/www.museuhistoricosl.com.br\/loja\/wp-json\/wp\/v2\/product_cat?post=56525"},{"taxonomy":"product_tag","embeddable":true,"href":"https:\/\/www.museuhistoricosl.com.br\/loja\/wp-json\/wp\/v2\/product_tag?post=56525"}],"curies":[{"name":"wp","href":"https:\/\/api.w.org\/{rel}","templated":true}]}}