{"id":56501,"date":"2022-01-26T16:08:56","date_gmt":"2022-01-26T19:08:56","guid":{"rendered":"https:\/\/www.museuhistoricosl.com.br\/loja\/produto\/rs050-fd-1139\/"},"modified":"2022-01-26T16:08:56","modified_gmt":"2022-01-26T19:08:56","slug":"rs050-fd-1139","status":"publish","type":"product","link":"https:\/\/www.museuhistoricosl.com.br\/loja\/produto\/rs050-fd-1139\/","title":{"rendered":"RS050-FD-1139"},"content":{"rendered":"<p>Inaugura\u00e7\u00e3o do Galp\u00e3o das Laranjeiras; Sapucaia do Sul; <\/p>\n","protected":false},"excerpt":{"rendered":"<p>Inaugura\u00e7\u00e3o do Galp\u00e3o das Laranjeiras; Sapucaia do Sul;<\/p>\n","protected":false},"featured_media":56500,"comment_status":"open","ping_status":"closed","template":"","meta":{"_acf_changed":false},"product_cat":[118],"product_tag":[],"class_list":["post-56501","product","type-product","status-publish","has-post-thumbnail","hentry","product_cat-sapucaia-do-sul"],"acf":[],"_links":{"self":[{"href":"https:\/\/www.museuhistoricosl.com.br\/loja\/wp-json\/wp\/v2\/product\/56501","targetHints":{"allow":["GET"]}}],"collection":[{"href":"https:\/\/www.museuhistoricosl.com.br\/loja\/wp-json\/wp\/v2\/product"}],"about":[{"href":"https:\/\/www.museuhistoricosl.com.br\/loja\/wp-json\/wp\/v2\/types\/product"}],"replies":[{"embeddable":true,"href":"https:\/\/www.museuhistoricosl.com.br\/loja\/wp-json\/wp\/v2\/comments?post=56501"}],"wp:featuredmedia":[{"embeddable":true,"href":"https:\/\/www.museuhistoricosl.com.br\/loja\/wp-json\/wp\/v2\/media\/56500"}],"wp:attachment":[{"href":"https:\/\/www.museuhistoricosl.com.br\/loja\/wp-json\/wp\/v2\/media?parent=56501"}],"wp:term":[{"taxonomy":"product_cat","embeddable":true,"href":"https:\/\/www.museuhistoricosl.com.br\/loja\/wp-json\/wp\/v2\/product_cat?post=56501"},{"taxonomy":"product_tag","embeddable":true,"href":"https:\/\/www.museuhistoricosl.com.br\/loja\/wp-json\/wp\/v2\/product_tag?post=56501"}],"curies":[{"name":"wp","href":"https:\/\/api.w.org\/{rel}","templated":true}]}}