{"id":54194,"date":"2022-01-26T15:26:40","date_gmt":"2022-01-26T18:26:40","guid":{"rendered":"https:\/\/www.museuhistoricosl.com.br\/loja\/produto\/sl085-fd-0616\/"},"modified":"2022-01-26T15:26:40","modified_gmt":"2022-01-26T18:26:40","slug":"sl085-fd-0616","status":"publish","type":"product","link":"https:\/\/www.museuhistoricosl.com.br\/loja\/produto\/sl085-fd-0616\/","title":{"rendered":"SL085-FD-0616"},"content":{"rendered":"<p>Rua Independ\u00eancia. Casa de neg\u00f3cios de Luiz Corr\u00eaa. Enchente 1941. &#8211; C\u00f3digo anterior de cat\u00e1logo:FD 85 2-116; Rio dos Sinos; <\/p>\n","protected":false},"excerpt":{"rendered":"<p>Rua Independ\u00eancia. Casa de neg\u00f3cios de Luiz Corr\u00eaa. Enchente 1941. &#8211; C\u00f3digo anterior de cat\u00e1logo:FD 85 2-116; Rio dos Sinos;<\/p>\n","protected":false},"featured_media":54193,"comment_status":"open","ping_status":"closed","template":"","meta":{"_acf_changed":false},"product_cat":[117],"product_tag":[],"class_list":["post-54194","product","type-product","status-publish","has-post-thumbnail","hentry","product_cat-rio-dos-sinos"],"acf":[],"_links":{"self":[{"href":"https:\/\/www.museuhistoricosl.com.br\/loja\/wp-json\/wp\/v2\/product\/54194","targetHints":{"allow":["GET"]}}],"collection":[{"href":"https:\/\/www.museuhistoricosl.com.br\/loja\/wp-json\/wp\/v2\/product"}],"about":[{"href":"https:\/\/www.museuhistoricosl.com.br\/loja\/wp-json\/wp\/v2\/types\/product"}],"replies":[{"embeddable":true,"href":"https:\/\/www.museuhistoricosl.com.br\/loja\/wp-json\/wp\/v2\/comments?post=54194"}],"wp:featuredmedia":[{"embeddable":true,"href":"https:\/\/www.museuhistoricosl.com.br\/loja\/wp-json\/wp\/v2\/media\/54193"}],"wp:attachment":[{"href":"https:\/\/www.museuhistoricosl.com.br\/loja\/wp-json\/wp\/v2\/media?parent=54194"}],"wp:term":[{"taxonomy":"product_cat","embeddable":true,"href":"https:\/\/www.museuhistoricosl.com.br\/loja\/wp-json\/wp\/v2\/product_cat?post=54194"},{"taxonomy":"product_tag","embeddable":true,"href":"https:\/\/www.museuhistoricosl.com.br\/loja\/wp-json\/wp\/v2\/product_tag?post=54194"}],"curies":[{"name":"wp","href":"https:\/\/api.w.org\/{rel}","templated":true}]}}