{"id":52389,"date":"2022-01-26T14:52:50","date_gmt":"2022-01-26T17:52:50","guid":{"rendered":"https:\/\/www.museuhistoricosl.com.br\/loja\/produto\/sl084-fd-0122\/"},"modified":"2022-01-26T14:52:50","modified_gmt":"2022-01-26T17:52:50","slug":"sl084-fd-0122","status":"publish","type":"product","link":"https:\/\/www.museuhistoricosl.com.br\/loja\/produto\/sl084-fd-0122\/","title":{"rendered":"SL084-FD-0122"},"content":{"rendered":"<p>Desfile em frente ao quartel. &#8211; C\u00f3digo anterior de cat\u00e1logo:FD 84-122; Quart\u00e9is e assuntos militares; <\/p>\n","protected":false},"excerpt":{"rendered":"<p>Desfile em frente ao quartel. &#8211; C\u00f3digo anterior de cat\u00e1logo:FD 84-122; Quart\u00e9is e assuntos militares;<\/p>\n","protected":false},"featured_media":52388,"comment_status":"open","ping_status":"closed","template":"","meta":{"_acf_changed":false},"product_cat":[116],"product_tag":[],"class_list":["post-52389","product","type-product","status-publish","has-post-thumbnail","hentry","product_cat-quarteis-e-assuntos-militares"],"acf":[],"_links":{"self":[{"href":"https:\/\/www.museuhistoricosl.com.br\/loja\/wp-json\/wp\/v2\/product\/52389","targetHints":{"allow":["GET"]}}],"collection":[{"href":"https:\/\/www.museuhistoricosl.com.br\/loja\/wp-json\/wp\/v2\/product"}],"about":[{"href":"https:\/\/www.museuhistoricosl.com.br\/loja\/wp-json\/wp\/v2\/types\/product"}],"replies":[{"embeddable":true,"href":"https:\/\/www.museuhistoricosl.com.br\/loja\/wp-json\/wp\/v2\/comments?post=52389"}],"wp:featuredmedia":[{"embeddable":true,"href":"https:\/\/www.museuhistoricosl.com.br\/loja\/wp-json\/wp\/v2\/media\/52388"}],"wp:attachment":[{"href":"https:\/\/www.museuhistoricosl.com.br\/loja\/wp-json\/wp\/v2\/media?parent=52389"}],"wp:term":[{"taxonomy":"product_cat","embeddable":true,"href":"https:\/\/www.museuhistoricosl.com.br\/loja\/wp-json\/wp\/v2\/product_cat?post=52389"},{"taxonomy":"product_tag","embeddable":true,"href":"https:\/\/www.museuhistoricosl.com.br\/loja\/wp-json\/wp\/v2\/product_tag?post=52389"}],"curies":[{"name":"wp","href":"https:\/\/api.w.org\/{rel}","templated":true}]}}