{"id":52359,"date":"2022-01-26T14:52:28","date_gmt":"2022-01-26T17:52:28","guid":{"rendered":"https:\/\/www.museuhistoricosl.com.br\/loja\/produto\/sl084-fd-0107\/"},"modified":"2022-01-26T14:52:28","modified_gmt":"2022-01-26T17:52:28","slug":"sl084-fd-0107","status":"publish","type":"product","link":"https:\/\/www.museuhistoricosl.com.br\/loja\/produto\/sl084-fd-0107\/","title":{"rendered":"SL084-FD-0107"},"content":{"rendered":"<p>Tiro de Guerra, S\u00e3o Leopoldo, 1944, 1 Lia Santos (Rossi), 2- Carmen Brack (Dauber), 3- Lia Sperb (Scherer), 7- Dr. Carlos de Souza Moraes, 10- Othon Blessmann, 11- Germano Fick, 13- J. Arnaldo Hauschild, 14- Nelson Gomes de Azevedo, 16- Walter Lengler (aluno do Gin\u00e1sio Sinodal), 20 &#8211; Aldo Rohde (Aluno da Escola T\u00e9cnica Com\u00e9rcio), 20A &#8211; Sargento Instrutor do Tiro de Guerra, 22- Ivo H\u00fcfner (Esc. Tec. Com.), 28 &#8211; Marinho M\u00f6bus (Gin\u00e1sio Sinodal), 41- Breno Kruse (Gin\u00e1sio Sinodal), 51- Antenor Gon\u00e7alves, 52- Cl\u00e1udio Haas, 55- Jos\u00e9 Eggers (Gin\u00e1sio Sinodal), 56 &#8211; Fernando Correa Barreiro (Gin. Sinodal), 58 &#8211; Jo\u00e3o Adolfo M\u00fcller (Gin. Sinodal), 59 &#8211; Walter von M\u00fchlen (Gin. Sinodal), 67- Luiz Groth, X &#8211; Adelson Raab (Gin. Sinodal). &#8211; C\u00f3digo anterior de cat\u00e1logo:FD 84-107; Quart\u00e9is e assuntos militares; <\/p>\n","protected":false},"excerpt":{"rendered":"<p>Tiro de Guerra, S\u00e3o Leopoldo, 1944, 1 Lia Santos (Rossi), 2- Carmen Brack (Dauber), 3- Lia Sperb (Scherer), 7- Dr.<\/p>\n","protected":false},"featured_media":52358,"comment_status":"open","ping_status":"closed","template":"","meta":{"_acf_changed":false},"product_cat":[116],"product_tag":[],"class_list":["post-52359","product","type-product","status-publish","has-post-thumbnail","hentry","product_cat-quarteis-e-assuntos-militares"],"acf":[],"_links":{"self":[{"href":"https:\/\/www.museuhistoricosl.com.br\/loja\/wp-json\/wp\/v2\/product\/52359","targetHints":{"allow":["GET"]}}],"collection":[{"href":"https:\/\/www.museuhistoricosl.com.br\/loja\/wp-json\/wp\/v2\/product"}],"about":[{"href":"https:\/\/www.museuhistoricosl.com.br\/loja\/wp-json\/wp\/v2\/types\/product"}],"replies":[{"embeddable":true,"href":"https:\/\/www.museuhistoricosl.com.br\/loja\/wp-json\/wp\/v2\/comments?post=52359"}],"wp:featuredmedia":[{"embeddable":true,"href":"https:\/\/www.museuhistoricosl.com.br\/loja\/wp-json\/wp\/v2\/media\/52358"}],"wp:attachment":[{"href":"https:\/\/www.museuhistoricosl.com.br\/loja\/wp-json\/wp\/v2\/media?parent=52359"}],"wp:term":[{"taxonomy":"product_cat","embeddable":true,"href":"https:\/\/www.museuhistoricosl.com.br\/loja\/wp-json\/wp\/v2\/product_cat?post=52359"},{"taxonomy":"product_tag","embeddable":true,"href":"https:\/\/www.museuhistoricosl.com.br\/loja\/wp-json\/wp\/v2\/product_tag?post=52359"}],"curies":[{"name":"wp","href":"https:\/\/api.w.org\/{rel}","templated":true}]}}