{"id":52341,"date":"2022-01-26T14:52:15","date_gmt":"2022-01-26T17:52:15","guid":{"rendered":"https:\/\/www.museuhistoricosl.com.br\/loja\/produto\/sl084-fd-0098\/"},"modified":"2022-01-26T14:52:15","modified_gmt":"2022-01-26T17:52:15","slug":"sl084-fd-0098","status":"publish","type":"product","link":"https:\/\/www.museuhistoricosl.com.br\/loja\/produto\/sl084-fd-0098\/","title":{"rendered":"SL084-FD-0098"},"content":{"rendered":"<p>Tiro de Guerra, S\u00e3o Leopoldo, s\u00f3 estudantes, 1944. Sentados, da esquerda para a direita: Lya Santos (Sra. Milton Rossi), Carmem Brack (Sra. Carlos Dauber), Lia Sperb (sra. Alfredo Scherer), Cel. _____, Cel. _____, Cel. _______, Dr. Carlos de Souza Moraes, _________, Of. __________, Othon Blessmann, Germano Fick, ___________, Armando Hauschild.  &#8211; C\u00f3digo anterior de cat\u00e1logo:FD 84-98; Quart\u00e9is e assuntos militares; <\/p>\n","protected":false},"excerpt":{"rendered":"<p>Tiro de Guerra, S\u00e3o Leopoldo, s\u00f3 estudantes, 1944. Sentados, da esquerda para a direita: Lya Santos (Sra. Milton Rossi), Carmem<\/p>\n","protected":false},"featured_media":52340,"comment_status":"open","ping_status":"closed","template":"","meta":{"_acf_changed":false},"product_cat":[116],"product_tag":[],"class_list":["post-52341","product","type-product","status-publish","has-post-thumbnail","hentry","product_cat-quarteis-e-assuntos-militares"],"acf":[],"_links":{"self":[{"href":"https:\/\/www.museuhistoricosl.com.br\/loja\/wp-json\/wp\/v2\/product\/52341","targetHints":{"allow":["GET"]}}],"collection":[{"href":"https:\/\/www.museuhistoricosl.com.br\/loja\/wp-json\/wp\/v2\/product"}],"about":[{"href":"https:\/\/www.museuhistoricosl.com.br\/loja\/wp-json\/wp\/v2\/types\/product"}],"replies":[{"embeddable":true,"href":"https:\/\/www.museuhistoricosl.com.br\/loja\/wp-json\/wp\/v2\/comments?post=52341"}],"wp:featuredmedia":[{"embeddable":true,"href":"https:\/\/www.museuhistoricosl.com.br\/loja\/wp-json\/wp\/v2\/media\/52340"}],"wp:attachment":[{"href":"https:\/\/www.museuhistoricosl.com.br\/loja\/wp-json\/wp\/v2\/media?parent=52341"}],"wp:term":[{"taxonomy":"product_cat","embeddable":true,"href":"https:\/\/www.museuhistoricosl.com.br\/loja\/wp-json\/wp\/v2\/product_cat?post=52341"},{"taxonomy":"product_tag","embeddable":true,"href":"https:\/\/www.museuhistoricosl.com.br\/loja\/wp-json\/wp\/v2\/product_tag?post=52341"}],"curies":[{"name":"wp","href":"https:\/\/api.w.org\/{rel}","templated":true}]}}