{"id":52291,"date":"2022-01-26T14:51:39","date_gmt":"2022-01-26T17:51:39","guid":{"rendered":"https:\/\/www.museuhistoricosl.com.br\/loja\/produto\/sl084-fd-0073\/"},"modified":"2022-01-26T14:51:39","modified_gmt":"2022-01-26T17:51:39","slug":"sl084-fd-0073","status":"publish","type":"product","link":"https:\/\/www.museuhistoricosl.com.br\/loja\/produto\/sl084-fd-0073\/","title":{"rendered":"SL084-FD-0073"},"content":{"rendered":"<p>Lembran\u00e7a da Comemora\u00e7\u00e3o do 125\u00ba Anivers\u00e1rio da Coloniza\u00e7\u00e3o Alem\u00e3 no Rio Grande do Sul. &#8211; C\u00f3digo anterior de cat\u00e1logo:FD 84-73; Quart\u00e9is e assuntos militares; <\/p>\n","protected":false},"excerpt":{"rendered":"<p>Lembran\u00e7a da Comemora\u00e7\u00e3o do 125\u00ba Anivers\u00e1rio da Coloniza\u00e7\u00e3o Alem\u00e3 no Rio Grande do Sul. &#8211; C\u00f3digo anterior de cat\u00e1logo:FD 84-73;<\/p>\n","protected":false},"featured_media":52290,"comment_status":"open","ping_status":"closed","template":"","meta":{"_acf_changed":false},"product_cat":[116],"product_tag":[],"class_list":["post-52291","product","type-product","status-publish","has-post-thumbnail","hentry","product_cat-quarteis-e-assuntos-militares"],"acf":[],"_links":{"self":[{"href":"https:\/\/www.museuhistoricosl.com.br\/loja\/wp-json\/wp\/v2\/product\/52291","targetHints":{"allow":["GET"]}}],"collection":[{"href":"https:\/\/www.museuhistoricosl.com.br\/loja\/wp-json\/wp\/v2\/product"}],"about":[{"href":"https:\/\/www.museuhistoricosl.com.br\/loja\/wp-json\/wp\/v2\/types\/product"}],"replies":[{"embeddable":true,"href":"https:\/\/www.museuhistoricosl.com.br\/loja\/wp-json\/wp\/v2\/comments?post=52291"}],"wp:featuredmedia":[{"embeddable":true,"href":"https:\/\/www.museuhistoricosl.com.br\/loja\/wp-json\/wp\/v2\/media\/52290"}],"wp:attachment":[{"href":"https:\/\/www.museuhistoricosl.com.br\/loja\/wp-json\/wp\/v2\/media?parent=52291"}],"wp:term":[{"taxonomy":"product_cat","embeddable":true,"href":"https:\/\/www.museuhistoricosl.com.br\/loja\/wp-json\/wp\/v2\/product_cat?post=52291"},{"taxonomy":"product_tag","embeddable":true,"href":"https:\/\/www.museuhistoricosl.com.br\/loja\/wp-json\/wp\/v2\/product_tag?post=52291"}],"curies":[{"name":"wp","href":"https:\/\/api.w.org\/{rel}","templated":true}]}}