{"id":52257,"date":"2022-01-26T14:51:12","date_gmt":"2022-01-26T17:51:12","guid":{"rendered":"https:\/\/www.museuhistoricosl.com.br\/loja\/produto\/sl084-fd-0056\/"},"modified":"2022-01-26T14:51:12","modified_gmt":"2022-01-26T17:51:12","slug":"sl084-fd-0056","status":"publish","type":"product","link":"https:\/\/www.museuhistoricosl.com.br\/loja\/produto\/sl084-fd-0056\/","title":{"rendered":"SL084-FD-0056"},"content":{"rendered":"<p>Revolu\u00e7\u00e3o 1923. Borges de Medeiros x Assis Brasil (chimangos x maragatos). &#8211; C\u00f3digo anterior de cat\u00e1logo:FD 84-56; Quart\u00e9is e assuntos militares; <\/p>\n","protected":false},"excerpt":{"rendered":"<p>Revolu\u00e7\u00e3o 1923. Borges de Medeiros x Assis Brasil (chimangos x maragatos). &#8211; C\u00f3digo anterior de cat\u00e1logo:FD 84-56; Quart\u00e9is e assuntos<\/p>\n","protected":false},"featured_media":52256,"comment_status":"open","ping_status":"closed","template":"","meta":{"_acf_changed":false},"product_cat":[116],"product_tag":[],"class_list":["post-52257","product","type-product","status-publish","has-post-thumbnail","hentry","product_cat-quarteis-e-assuntos-militares"],"acf":[],"_links":{"self":[{"href":"https:\/\/www.museuhistoricosl.com.br\/loja\/wp-json\/wp\/v2\/product\/52257","targetHints":{"allow":["GET"]}}],"collection":[{"href":"https:\/\/www.museuhistoricosl.com.br\/loja\/wp-json\/wp\/v2\/product"}],"about":[{"href":"https:\/\/www.museuhistoricosl.com.br\/loja\/wp-json\/wp\/v2\/types\/product"}],"replies":[{"embeddable":true,"href":"https:\/\/www.museuhistoricosl.com.br\/loja\/wp-json\/wp\/v2\/comments?post=52257"}],"wp:featuredmedia":[{"embeddable":true,"href":"https:\/\/www.museuhistoricosl.com.br\/loja\/wp-json\/wp\/v2\/media\/52256"}],"wp:attachment":[{"href":"https:\/\/www.museuhistoricosl.com.br\/loja\/wp-json\/wp\/v2\/media?parent=52257"}],"wp:term":[{"taxonomy":"product_cat","embeddable":true,"href":"https:\/\/www.museuhistoricosl.com.br\/loja\/wp-json\/wp\/v2\/product_cat?post=52257"},{"taxonomy":"product_tag","embeddable":true,"href":"https:\/\/www.museuhistoricosl.com.br\/loja\/wp-json\/wp\/v2\/product_tag?post=52257"}],"curies":[{"name":"wp","href":"https:\/\/api.w.org\/{rel}","templated":true}]}}