{"id":51580,"date":"2022-01-24T10:10:39","date_gmt":"2022-01-24T13:10:39","guid":{"rendered":"https:\/\/www.museuhistoricosl.com.br\/loja\/produto\/sl080-fd-0023\/"},"modified":"2022-01-24T10:10:39","modified_gmt":"2022-01-24T13:10:39","slug":"sl080-fd-0023","status":"publish","type":"product","link":"https:\/\/www.museuhistoricosl.com.br\/loja\/produto\/sl080-fd-0023\/","title":{"rendered":"SL080-FD-0023"},"content":{"rendered":"<p>Parada quase obrigat\u00f3ria na viagem para Tramanda\u00ed por Viam\u00e3o (ou Cidreira). Bar-Restaurante do Candresini, 1934. &#8211; C\u00f3digo anterior de cat\u00e1logo:FD 80-23; Praias; <\/p>\n","protected":false},"excerpt":{"rendered":"<p>Parada quase obrigat\u00f3ria na viagem para Tramanda\u00ed por Viam\u00e3o (ou Cidreira). Bar-Restaurante do Candresini, 1934. &#8211; C\u00f3digo anterior de cat\u00e1logo:FD<\/p>\n","protected":false},"featured_media":51579,"comment_status":"open","ping_status":"closed","template":"","meta":{"_acf_changed":false},"product_cat":[115],"product_tag":[],"class_list":["post-51580","product","type-product","status-publish","has-post-thumbnail","hentry","product_cat-praias"],"acf":[],"_links":{"self":[{"href":"https:\/\/www.museuhistoricosl.com.br\/loja\/wp-json\/wp\/v2\/product\/51580","targetHints":{"allow":["GET"]}}],"collection":[{"href":"https:\/\/www.museuhistoricosl.com.br\/loja\/wp-json\/wp\/v2\/product"}],"about":[{"href":"https:\/\/www.museuhistoricosl.com.br\/loja\/wp-json\/wp\/v2\/types\/product"}],"replies":[{"embeddable":true,"href":"https:\/\/www.museuhistoricosl.com.br\/loja\/wp-json\/wp\/v2\/comments?post=51580"}],"wp:featuredmedia":[{"embeddable":true,"href":"https:\/\/www.museuhistoricosl.com.br\/loja\/wp-json\/wp\/v2\/media\/51579"}],"wp:attachment":[{"href":"https:\/\/www.museuhistoricosl.com.br\/loja\/wp-json\/wp\/v2\/media?parent=51580"}],"wp:term":[{"taxonomy":"product_cat","embeddable":true,"href":"https:\/\/www.museuhistoricosl.com.br\/loja\/wp-json\/wp\/v2\/product_cat?post=51580"},{"taxonomy":"product_tag","embeddable":true,"href":"https:\/\/www.museuhistoricosl.com.br\/loja\/wp-json\/wp\/v2\/product_tag?post=51580"}],"curies":[{"name":"wp","href":"https:\/\/api.w.org\/{rel}","templated":true}]}}