{"id":51566,"date":"2022-01-24T10:10:32","date_gmt":"2022-01-24T13:10:32","guid":{"rendered":"https:\/\/www.museuhistoricosl.com.br\/loja\/produto\/sl080-fd-0016\/"},"modified":"2022-01-24T10:10:32","modified_gmt":"2022-01-24T13:10:32","slug":"sl080-fd-0016","status":"publish","type":"product","link":"https:\/\/www.museuhistoricosl.com.br\/loja\/produto\/sl080-fd-0016\/","title":{"rendered":"SL080-FD-0016"},"content":{"rendered":"<p>Cap\u00e3o da Canoa 1952 &#8211; Hotel Atl\u00e2ntico. &#8211; C\u00f3digo anterior de cat\u00e1logo:FD 80-16; Praias; <\/p>\n","protected":false},"excerpt":{"rendered":"<p>Cap\u00e3o da Canoa 1952 &#8211; Hotel Atl\u00e2ntico. &#8211; C\u00f3digo anterior de cat\u00e1logo:FD 80-16; Praias;<\/p>\n","protected":false},"featured_media":51565,"comment_status":"open","ping_status":"closed","template":"","meta":{"_acf_changed":false},"product_cat":[115],"product_tag":[],"class_list":["post-51566","product","type-product","status-publish","has-post-thumbnail","hentry","product_cat-praias"],"acf":[],"_links":{"self":[{"href":"https:\/\/www.museuhistoricosl.com.br\/loja\/wp-json\/wp\/v2\/product\/51566","targetHints":{"allow":["GET"]}}],"collection":[{"href":"https:\/\/www.museuhistoricosl.com.br\/loja\/wp-json\/wp\/v2\/product"}],"about":[{"href":"https:\/\/www.museuhistoricosl.com.br\/loja\/wp-json\/wp\/v2\/types\/product"}],"replies":[{"embeddable":true,"href":"https:\/\/www.museuhistoricosl.com.br\/loja\/wp-json\/wp\/v2\/comments?post=51566"}],"wp:featuredmedia":[{"embeddable":true,"href":"https:\/\/www.museuhistoricosl.com.br\/loja\/wp-json\/wp\/v2\/media\/51565"}],"wp:attachment":[{"href":"https:\/\/www.museuhistoricosl.com.br\/loja\/wp-json\/wp\/v2\/media?parent=51566"}],"wp:term":[{"taxonomy":"product_cat","embeddable":true,"href":"https:\/\/www.museuhistoricosl.com.br\/loja\/wp-json\/wp\/v2\/product_cat?post=51566"},{"taxonomy":"product_tag","embeddable":true,"href":"https:\/\/www.museuhistoricosl.com.br\/loja\/wp-json\/wp\/v2\/product_tag?post=51566"}],"curies":[{"name":"wp","href":"https:\/\/api.w.org\/{rel}","templated":true}]}}