{"id":51552,"date":"2022-01-24T10:10:21","date_gmt":"2022-01-24T13:10:21","guid":{"rendered":"https:\/\/www.museuhistoricosl.com.br\/loja\/produto\/sl080-fd-0009\/"},"modified":"2022-01-24T10:10:21","modified_gmt":"2022-01-24T13:10:21","slug":"sl080-fd-0009","status":"publish","type":"product","link":"https:\/\/www.museuhistoricosl.com.br\/loja\/produto\/sl080-fd-0009\/","title":{"rendered":"SL080-FD-0009"},"content":{"rendered":"<p>Banhistas em Tramanda\u00ed. &#8211; C\u00f3digo anterior de cat\u00e1logo:FD 80-9; Praias; <\/p>\n","protected":false},"excerpt":{"rendered":"<p>Banhistas em Tramanda\u00ed. &#8211; C\u00f3digo anterior de cat\u00e1logo:FD 80-9; Praias;<\/p>\n","protected":false},"featured_media":51551,"comment_status":"open","ping_status":"closed","template":"","meta":{"_acf_changed":false},"product_cat":[115],"product_tag":[],"class_list":["post-51552","product","type-product","status-publish","has-post-thumbnail","hentry","product_cat-praias"],"acf":[],"_links":{"self":[{"href":"https:\/\/www.museuhistoricosl.com.br\/loja\/wp-json\/wp\/v2\/product\/51552","targetHints":{"allow":["GET"]}}],"collection":[{"href":"https:\/\/www.museuhistoricosl.com.br\/loja\/wp-json\/wp\/v2\/product"}],"about":[{"href":"https:\/\/www.museuhistoricosl.com.br\/loja\/wp-json\/wp\/v2\/types\/product"}],"replies":[{"embeddable":true,"href":"https:\/\/www.museuhistoricosl.com.br\/loja\/wp-json\/wp\/v2\/comments?post=51552"}],"wp:featuredmedia":[{"embeddable":true,"href":"https:\/\/www.museuhistoricosl.com.br\/loja\/wp-json\/wp\/v2\/media\/51551"}],"wp:attachment":[{"href":"https:\/\/www.museuhistoricosl.com.br\/loja\/wp-json\/wp\/v2\/media?parent=51552"}],"wp:term":[{"taxonomy":"product_cat","embeddable":true,"href":"https:\/\/www.museuhistoricosl.com.br\/loja\/wp-json\/wp\/v2\/product_cat?post=51552"},{"taxonomy":"product_tag","embeddable":true,"href":"https:\/\/www.museuhistoricosl.com.br\/loja\/wp-json\/wp\/v2\/product_tag?post=51552"}],"curies":[{"name":"wp","href":"https:\/\/api.w.org\/{rel}","templated":true}]}}