{"id":51501,"date":"2022-01-24T09:56:29","date_gmt":"2022-01-24T12:56:29","guid":{"rendered":"https:\/\/www.museuhistoricosl.com.br\/loja\/produto\/sl081-fd-0268\/"},"modified":"2022-01-24T09:56:29","modified_gmt":"2022-01-24T12:56:29","slug":"sl081-fd-0268","status":"publish","type":"product","link":"https:\/\/www.museuhistoricosl.com.br\/loja\/produto\/sl081-fd-0268\/","title":{"rendered":"SL081-FD-0268"},"content":{"rendered":"<p>Viol\u00eancia, Foto Nilson; Pra\u00e7as &#8211; S\u00e3o Leopoldo; <\/p>\n","protected":false},"excerpt":{"rendered":"<p>Viol\u00eancia, Foto Nilson; Pra\u00e7as &#8211; S\u00e3o Leopoldo;<\/p>\n","protected":false},"featured_media":51500,"comment_status":"open","ping_status":"closed","template":"","meta":{"_acf_changed":false},"product_cat":[114],"product_tag":[],"class_list":["post-51501","product","type-product","status-publish","has-post-thumbnail","hentry","product_cat-pracas-sao-leopoldo"],"acf":[],"_links":{"self":[{"href":"https:\/\/www.museuhistoricosl.com.br\/loja\/wp-json\/wp\/v2\/product\/51501","targetHints":{"allow":["GET"]}}],"collection":[{"href":"https:\/\/www.museuhistoricosl.com.br\/loja\/wp-json\/wp\/v2\/product"}],"about":[{"href":"https:\/\/www.museuhistoricosl.com.br\/loja\/wp-json\/wp\/v2\/types\/product"}],"replies":[{"embeddable":true,"href":"https:\/\/www.museuhistoricosl.com.br\/loja\/wp-json\/wp\/v2\/comments?post=51501"}],"wp:featuredmedia":[{"embeddable":true,"href":"https:\/\/www.museuhistoricosl.com.br\/loja\/wp-json\/wp\/v2\/media\/51500"}],"wp:attachment":[{"href":"https:\/\/www.museuhistoricosl.com.br\/loja\/wp-json\/wp\/v2\/media?parent=51501"}],"wp:term":[{"taxonomy":"product_cat","embeddable":true,"href":"https:\/\/www.museuhistoricosl.com.br\/loja\/wp-json\/wp\/v2\/product_cat?post=51501"},{"taxonomy":"product_tag","embeddable":true,"href":"https:\/\/www.museuhistoricosl.com.br\/loja\/wp-json\/wp\/v2\/product_tag?post=51501"}],"curies":[{"name":"wp","href":"https:\/\/api.w.org\/{rel}","templated":true}]}}