{"id":51451,"date":"2022-01-24T09:55:44","date_gmt":"2022-01-24T12:55:44","guid":{"rendered":"https:\/\/www.museuhistoricosl.com.br\/loja\/produto\/sl081-fd-0243\/"},"modified":"2022-01-24T09:55:44","modified_gmt":"2022-01-24T12:55:44","slug":"sl081-fd-0243","status":"publish","type":"product","link":"https:\/\/www.museuhistoricosl.com.br\/loja\/produto\/sl081-fd-0243\/","title":{"rendered":"SL081-FD-0243"},"content":{"rendered":"<p>Pra\u00e7a 20 de Setembro, Grupo Heran\u00e7a Caud\u00edlhica promove encontro p\/ ajudar menor carente, 26\/07\/1983; Pra\u00e7as &#8211; S\u00e3o Leopoldo; <\/p>\n","protected":false},"excerpt":{"rendered":"<p>Pra\u00e7a 20 de Setembro, Grupo Heran\u00e7a Caud\u00edlhica promove encontro p\/ ajudar menor carente, 26\/07\/1983; Pra\u00e7as &#8211; S\u00e3o Leopoldo;<\/p>\n","protected":false},"featured_media":51450,"comment_status":"open","ping_status":"closed","template":"","meta":{"_acf_changed":false},"product_cat":[114],"product_tag":[],"class_list":["post-51451","product","type-product","status-publish","has-post-thumbnail","hentry","product_cat-pracas-sao-leopoldo"],"acf":[],"_links":{"self":[{"href":"https:\/\/www.museuhistoricosl.com.br\/loja\/wp-json\/wp\/v2\/product\/51451","targetHints":{"allow":["GET"]}}],"collection":[{"href":"https:\/\/www.museuhistoricosl.com.br\/loja\/wp-json\/wp\/v2\/product"}],"about":[{"href":"https:\/\/www.museuhistoricosl.com.br\/loja\/wp-json\/wp\/v2\/types\/product"}],"replies":[{"embeddable":true,"href":"https:\/\/www.museuhistoricosl.com.br\/loja\/wp-json\/wp\/v2\/comments?post=51451"}],"wp:featuredmedia":[{"embeddable":true,"href":"https:\/\/www.museuhistoricosl.com.br\/loja\/wp-json\/wp\/v2\/media\/51450"}],"wp:attachment":[{"href":"https:\/\/www.museuhistoricosl.com.br\/loja\/wp-json\/wp\/v2\/media?parent=51451"}],"wp:term":[{"taxonomy":"product_cat","embeddable":true,"href":"https:\/\/www.museuhistoricosl.com.br\/loja\/wp-json\/wp\/v2\/product_cat?post=51451"},{"taxonomy":"product_tag","embeddable":true,"href":"https:\/\/www.museuhistoricosl.com.br\/loja\/wp-json\/wp\/v2\/product_tag?post=51451"}],"curies":[{"name":"wp","href":"https:\/\/api.w.org\/{rel}","templated":true}]}}