{"id":51100,"date":"2022-01-24T09:51:50","date_gmt":"2022-01-24T12:51:50","guid":{"rendered":"https:\/\/www.museuhistoricosl.com.br\/loja\/produto\/sl081-fd-0076\/"},"modified":"2022-01-24T09:51:50","modified_gmt":"2022-01-24T12:51:50","slug":"sl081-fd-0076","status":"publish","type":"product","link":"https:\/\/www.museuhistoricosl.com.br\/loja\/produto\/sl081-fd-0076\/","title":{"rendered":"SL081-FD-0076"},"content":{"rendered":"<p>Pra\u00e7a Centen\u00e1rio (atual Pra\u00e7a do Imigrante), 1941. Ao fundo, a Igreja Matriz Nossa Senhora da Concei\u00e7\u00e3o e, ao lado, o Gin\u00e1sio Concei\u00e7\u00e3o (atual Antiga Sede da Unisinos). &#8211; C\u00f3digo anterior de cat\u00e1logo:FD 81-76; Pra\u00e7as &#8211; S\u00e3o Leopoldo; <\/p>\n","protected":false},"excerpt":{"rendered":"<p>Pra\u00e7a Centen\u00e1rio (atual Pra\u00e7a do Imigrante), 1941. Ao fundo, a Igreja Matriz Nossa Senhora da Concei\u00e7\u00e3o e, ao lado, o<\/p>\n","protected":false},"featured_media":51099,"comment_status":"open","ping_status":"closed","template":"","meta":{"_acf_changed":false},"product_cat":[114],"product_tag":[],"class_list":["post-51100","product","type-product","status-publish","has-post-thumbnail","hentry","product_cat-pracas-sao-leopoldo"],"acf":[],"_links":{"self":[{"href":"https:\/\/www.museuhistoricosl.com.br\/loja\/wp-json\/wp\/v2\/product\/51100","targetHints":{"allow":["GET"]}}],"collection":[{"href":"https:\/\/www.museuhistoricosl.com.br\/loja\/wp-json\/wp\/v2\/product"}],"about":[{"href":"https:\/\/www.museuhistoricosl.com.br\/loja\/wp-json\/wp\/v2\/types\/product"}],"replies":[{"embeddable":true,"href":"https:\/\/www.museuhistoricosl.com.br\/loja\/wp-json\/wp\/v2\/comments?post=51100"}],"wp:featuredmedia":[{"embeddable":true,"href":"https:\/\/www.museuhistoricosl.com.br\/loja\/wp-json\/wp\/v2\/media\/51099"}],"wp:attachment":[{"href":"https:\/\/www.museuhistoricosl.com.br\/loja\/wp-json\/wp\/v2\/media?parent=51100"}],"wp:term":[{"taxonomy":"product_cat","embeddable":true,"href":"https:\/\/www.museuhistoricosl.com.br\/loja\/wp-json\/wp\/v2\/product_cat?post=51100"},{"taxonomy":"product_tag","embeddable":true,"href":"https:\/\/www.museuhistoricosl.com.br\/loja\/wp-json\/wp\/v2\/product_tag?post=51100"}],"curies":[{"name":"wp","href":"https:\/\/api.w.org\/{rel}","templated":true}]}}