{"id":51084,"date":"2022-01-24T09:51:40","date_gmt":"2022-01-24T12:51:40","guid":{"rendered":"https:\/\/www.museuhistoricosl.com.br\/loja\/produto\/sl081-fd-0068\/"},"modified":"2022-01-24T09:51:40","modified_gmt":"2022-01-24T12:51:40","slug":"sl081-fd-0068","status":"publish","type":"product","link":"https:\/\/www.museuhistoricosl.com.br\/loja\/produto\/sl081-fd-0068\/","title":{"rendered":"SL081-FD-0068"},"content":{"rendered":"<p>Ponte 25 de Julho. Do lado esquerdo da foto, o pr\u00e9dio do antigo Semin\u00e1rio Evang\u00e9lico para forma\u00e7\u00e3o de Professores (que foi transferido para Ivoti na d\u00e9cada de 1950), atual pr\u00e9dio da C\u00e2mara de Vereadores de S\u00e3o Leopoldo. A torre que se v\u00ea na foto \u00e9 da Igreja de Cristo (Igreja do Rel\u00f3gio), da Igreja Evang\u00e9lica de Confiss\u00e3o Luterana no Brasil &#8211; IECLB (antigo S\u00ednodo Rio-grandense). &#8211; C\u00f3digo anterior de cat\u00e1logo:FD 81-68; Pra\u00e7as &#8211; S\u00e3o Leopoldo; <\/p>\n","protected":false},"excerpt":{"rendered":"<p>Ponte 25 de Julho. Do lado esquerdo da foto, o pr\u00e9dio do antigo Semin\u00e1rio Evang\u00e9lico para forma\u00e7\u00e3o de Professores (que<\/p>\n","protected":false},"featured_media":51083,"comment_status":"open","ping_status":"closed","template":"","meta":{"_acf_changed":false},"product_cat":[114],"product_tag":[],"class_list":["post-51084","product","type-product","status-publish","has-post-thumbnail","hentry","product_cat-pracas-sao-leopoldo"],"acf":[],"_links":{"self":[{"href":"https:\/\/www.museuhistoricosl.com.br\/loja\/wp-json\/wp\/v2\/product\/51084","targetHints":{"allow":["GET"]}}],"collection":[{"href":"https:\/\/www.museuhistoricosl.com.br\/loja\/wp-json\/wp\/v2\/product"}],"about":[{"href":"https:\/\/www.museuhistoricosl.com.br\/loja\/wp-json\/wp\/v2\/types\/product"}],"replies":[{"embeddable":true,"href":"https:\/\/www.museuhistoricosl.com.br\/loja\/wp-json\/wp\/v2\/comments?post=51084"}],"wp:featuredmedia":[{"embeddable":true,"href":"https:\/\/www.museuhistoricosl.com.br\/loja\/wp-json\/wp\/v2\/media\/51083"}],"wp:attachment":[{"href":"https:\/\/www.museuhistoricosl.com.br\/loja\/wp-json\/wp\/v2\/media?parent=51084"}],"wp:term":[{"taxonomy":"product_cat","embeddable":true,"href":"https:\/\/www.museuhistoricosl.com.br\/loja\/wp-json\/wp\/v2\/product_cat?post=51084"},{"taxonomy":"product_tag","embeddable":true,"href":"https:\/\/www.museuhistoricosl.com.br\/loja\/wp-json\/wp\/v2\/product_tag?post=51084"}],"curies":[{"name":"wp","href":"https:\/\/api.w.org\/{rel}","templated":true}]}}