{"id":51082,"date":"2022-01-24T09:51:36","date_gmt":"2022-01-24T12:51:36","guid":{"rendered":"https:\/\/www.museuhistoricosl.com.br\/loja\/produto\/sl081-fd-0067\/"},"modified":"2022-01-24T09:51:36","modified_gmt":"2022-01-24T12:51:36","slug":"sl081-fd-0067","status":"publish","type":"product","link":"https:\/\/www.museuhistoricosl.com.br\/loja\/produto\/sl081-fd-0067\/","title":{"rendered":"SL081-FD-0067"},"content":{"rendered":"<p>Monumento ao Imigrante, antes da constru\u00e7\u00e3o da pra\u00e7a. Do lado esquerdo da foto, o pr\u00e9dio do antigo Semin\u00e1rio Evang\u00e9lico para forma\u00e7\u00e3o de Professores (que foi transferido para Ivoti na d\u00e9cada de 1950), atual pr\u00e9dio da C\u00e2mara de Vereadores de S\u00e3o Leopoldo. &#8211; C\u00f3digo anterior de cat\u00e1logo:FD 81-67; Pra\u00e7as &#8211; S\u00e3o Leopoldo; <\/p>\n","protected":false},"excerpt":{"rendered":"<p>Monumento ao Imigrante, antes da constru\u00e7\u00e3o da pra\u00e7a. Do lado esquerdo da foto, o pr\u00e9dio do antigo Semin\u00e1rio Evang\u00e9lico para<\/p>\n","protected":false},"featured_media":51081,"comment_status":"open","ping_status":"closed","template":"","meta":{"_acf_changed":false},"product_cat":[114],"product_tag":[],"class_list":["post-51082","product","type-product","status-publish","has-post-thumbnail","hentry","product_cat-pracas-sao-leopoldo"],"acf":[],"_links":{"self":[{"href":"https:\/\/www.museuhistoricosl.com.br\/loja\/wp-json\/wp\/v2\/product\/51082","targetHints":{"allow":["GET"]}}],"collection":[{"href":"https:\/\/www.museuhistoricosl.com.br\/loja\/wp-json\/wp\/v2\/product"}],"about":[{"href":"https:\/\/www.museuhistoricosl.com.br\/loja\/wp-json\/wp\/v2\/types\/product"}],"replies":[{"embeddable":true,"href":"https:\/\/www.museuhistoricosl.com.br\/loja\/wp-json\/wp\/v2\/comments?post=51082"}],"wp:featuredmedia":[{"embeddable":true,"href":"https:\/\/www.museuhistoricosl.com.br\/loja\/wp-json\/wp\/v2\/media\/51081"}],"wp:attachment":[{"href":"https:\/\/www.museuhistoricosl.com.br\/loja\/wp-json\/wp\/v2\/media?parent=51082"}],"wp:term":[{"taxonomy":"product_cat","embeddable":true,"href":"https:\/\/www.museuhistoricosl.com.br\/loja\/wp-json\/wp\/v2\/product_cat?post=51082"},{"taxonomy":"product_tag","embeddable":true,"href":"https:\/\/www.museuhistoricosl.com.br\/loja\/wp-json\/wp\/v2\/product_tag?post=51082"}],"curies":[{"name":"wp","href":"https:\/\/api.w.org\/{rel}","templated":true}]}}