{"id":51042,"date":"2022-01-24T09:51:09","date_gmt":"2022-01-24T12:51:09","guid":{"rendered":"https:\/\/www.museuhistoricosl.com.br\/loja\/produto\/sl081-fd-0047\/"},"modified":"2022-01-24T09:51:09","modified_gmt":"2022-01-24T12:51:09","slug":"sl081-fd-0047","status":"publish","type":"product","link":"https:\/\/www.museuhistoricosl.com.br\/loja\/produto\/sl081-fd-0047\/","title":{"rendered":"SL081-FD-0047"},"content":{"rendered":"<p>Largo da Prefeitura, Pra\u00e7a Jo\u00e3o Pessoa (atual Pra\u00e7a Tiradentes).  &#8211; C\u00f3digo anterior de cat\u00e1logo:FD 81-47; Pra\u00e7as &#8211; S\u00e3o Leopoldo; <\/p>\n","protected":false},"excerpt":{"rendered":"<p>Largo da Prefeitura, Pra\u00e7a Jo\u00e3o Pessoa (atual Pra\u00e7a Tiradentes). &#8211; C\u00f3digo anterior de cat\u00e1logo:FD 81-47; Pra\u00e7as &#8211; S\u00e3o Leopoldo;<\/p>\n","protected":false},"featured_media":51041,"comment_status":"open","ping_status":"closed","template":"","meta":{"_acf_changed":false},"product_cat":[114],"product_tag":[],"class_list":["post-51042","product","type-product","status-publish","has-post-thumbnail","hentry","product_cat-pracas-sao-leopoldo"],"acf":[],"_links":{"self":[{"href":"https:\/\/www.museuhistoricosl.com.br\/loja\/wp-json\/wp\/v2\/product\/51042","targetHints":{"allow":["GET"]}}],"collection":[{"href":"https:\/\/www.museuhistoricosl.com.br\/loja\/wp-json\/wp\/v2\/product"}],"about":[{"href":"https:\/\/www.museuhistoricosl.com.br\/loja\/wp-json\/wp\/v2\/types\/product"}],"replies":[{"embeddable":true,"href":"https:\/\/www.museuhistoricosl.com.br\/loja\/wp-json\/wp\/v2\/comments?post=51042"}],"wp:featuredmedia":[{"embeddable":true,"href":"https:\/\/www.museuhistoricosl.com.br\/loja\/wp-json\/wp\/v2\/media\/51041"}],"wp:attachment":[{"href":"https:\/\/www.museuhistoricosl.com.br\/loja\/wp-json\/wp\/v2\/media?parent=51042"}],"wp:term":[{"taxonomy":"product_cat","embeddable":true,"href":"https:\/\/www.museuhistoricosl.com.br\/loja\/wp-json\/wp\/v2\/product_cat?post=51042"},{"taxonomy":"product_tag","embeddable":true,"href":"https:\/\/www.museuhistoricosl.com.br\/loja\/wp-json\/wp\/v2\/product_tag?post=51042"}],"curies":[{"name":"wp","href":"https:\/\/api.w.org\/{rel}","templated":true}]}}