{"id":51008,"date":"2022-01-24T09:50:47","date_gmt":"2022-01-24T12:50:47","guid":{"rendered":"https:\/\/www.museuhistoricosl.com.br\/loja\/produto\/sl081-fd-0030\/"},"modified":"2022-01-24T09:50:47","modified_gmt":"2022-01-24T12:50:47","slug":"sl081-fd-0030","status":"publish","type":"product","link":"https:\/\/www.museuhistoricosl.com.br\/loja\/produto\/sl081-fd-0030\/","title":{"rendered":"SL081-FD-0030"},"content":{"rendered":"<p>S\u00e3o Leopoldo, 1926, Rua Independ\u00eancia &#8211; pequena parte da casa \u00e0 esquerda: armaz\u00e9m de Oscar Lang na esquina com a Rua Oswaldo Aranha, hoje ag\u00eancia da Caixa Econ\u00f4mica Federal. A Casa de Novidades, de Carlos F. Niederhut, autor da pe\u00e7a teatral &#8220;Die Prophetin von Ferrabraz&#8221;, al\u00e9m de poesias versando sobre assuntos ligados \u00e0 coloniza\u00e7\u00e3o alem\u00e3. &#8211; C\u00f3digo anterior de cat\u00e1logo:FD 81-30; Pra\u00e7as &#8211; S\u00e3o Leopoldo; <\/p>\n","protected":false},"excerpt":{"rendered":"<p>S\u00e3o Leopoldo, 1926, Rua Independ\u00eancia &#8211; pequena parte da casa \u00e0 esquerda: armaz\u00e9m de Oscar Lang na esquina com a<\/p>\n","protected":false},"featured_media":51007,"comment_status":"open","ping_status":"closed","template":"","meta":{"_acf_changed":false},"product_cat":[114],"product_tag":[],"class_list":["post-51008","product","type-product","status-publish","has-post-thumbnail","hentry","product_cat-pracas-sao-leopoldo"],"acf":[],"_links":{"self":[{"href":"https:\/\/www.museuhistoricosl.com.br\/loja\/wp-json\/wp\/v2\/product\/51008","targetHints":{"allow":["GET"]}}],"collection":[{"href":"https:\/\/www.museuhistoricosl.com.br\/loja\/wp-json\/wp\/v2\/product"}],"about":[{"href":"https:\/\/www.museuhistoricosl.com.br\/loja\/wp-json\/wp\/v2\/types\/product"}],"replies":[{"embeddable":true,"href":"https:\/\/www.museuhistoricosl.com.br\/loja\/wp-json\/wp\/v2\/comments?post=51008"}],"wp:featuredmedia":[{"embeddable":true,"href":"https:\/\/www.museuhistoricosl.com.br\/loja\/wp-json\/wp\/v2\/media\/51007"}],"wp:attachment":[{"href":"https:\/\/www.museuhistoricosl.com.br\/loja\/wp-json\/wp\/v2\/media?parent=51008"}],"wp:term":[{"taxonomy":"product_cat","embeddable":true,"href":"https:\/\/www.museuhistoricosl.com.br\/loja\/wp-json\/wp\/v2\/product_cat?post=51008"},{"taxonomy":"product_tag","embeddable":true,"href":"https:\/\/www.museuhistoricosl.com.br\/loja\/wp-json\/wp\/v2\/product_tag?post=51008"}],"curies":[{"name":"wp","href":"https:\/\/api.w.org\/{rel}","templated":true}]}}