{"id":51004,"date":"2022-01-24T09:50:45","date_gmt":"2022-01-24T12:50:45","guid":{"rendered":"https:\/\/www.museuhistoricosl.com.br\/loja\/produto\/sl081-fd-0028\/"},"modified":"2022-01-24T09:50:45","modified_gmt":"2022-01-24T12:50:45","slug":"sl081-fd-0028","status":"publish","type":"product","link":"https:\/\/www.museuhistoricosl.com.br\/loja\/produto\/sl081-fd-0028\/","title":{"rendered":"SL081-FD-0028"},"content":{"rendered":"<p>50 bandeiras. 21\/09\/1924. Provavelmente se trata de alguma atividade relacionada com as comemora\u00e7\u00f5es do centen\u00e1rio da imigra\u00e7\u00e3o alem\u00e3 no Rio Grande do Sul.  &#8211; C\u00f3digo anterior de cat\u00e1logo:FD 81-28; Pra\u00e7as &#8211; S\u00e3o Leopoldo; <\/p>\n","protected":false},"excerpt":{"rendered":"<p>50 bandeiras. 21\/09\/1924. Provavelmente se trata de alguma atividade relacionada com as comemora\u00e7\u00f5es do centen\u00e1rio da imigra\u00e7\u00e3o alem\u00e3 no Rio<\/p>\n","protected":false},"featured_media":51003,"comment_status":"open","ping_status":"closed","template":"","meta":{"_acf_changed":false},"product_cat":[114],"product_tag":[],"class_list":["post-51004","product","type-product","status-publish","has-post-thumbnail","hentry","product_cat-pracas-sao-leopoldo"],"acf":[],"_links":{"self":[{"href":"https:\/\/www.museuhistoricosl.com.br\/loja\/wp-json\/wp\/v2\/product\/51004","targetHints":{"allow":["GET"]}}],"collection":[{"href":"https:\/\/www.museuhistoricosl.com.br\/loja\/wp-json\/wp\/v2\/product"}],"about":[{"href":"https:\/\/www.museuhistoricosl.com.br\/loja\/wp-json\/wp\/v2\/types\/product"}],"replies":[{"embeddable":true,"href":"https:\/\/www.museuhistoricosl.com.br\/loja\/wp-json\/wp\/v2\/comments?post=51004"}],"wp:featuredmedia":[{"embeddable":true,"href":"https:\/\/www.museuhistoricosl.com.br\/loja\/wp-json\/wp\/v2\/media\/51003"}],"wp:attachment":[{"href":"https:\/\/www.museuhistoricosl.com.br\/loja\/wp-json\/wp\/v2\/media?parent=51004"}],"wp:term":[{"taxonomy":"product_cat","embeddable":true,"href":"https:\/\/www.museuhistoricosl.com.br\/loja\/wp-json\/wp\/v2\/product_cat?post=51004"},{"taxonomy":"product_tag","embeddable":true,"href":"https:\/\/www.museuhistoricosl.com.br\/loja\/wp-json\/wp\/v2\/product_tag?post=51004"}],"curies":[{"name":"wp","href":"https:\/\/api.w.org\/{rel}","templated":true}]}}